{"id":1936,"date":"2025-10-01T11:45:48","date_gmt":"2025-10-01T11:45:48","guid":{"rendered":"https:\/\/www.kug-ems.de\/?page_id=1936"},"modified":"2026-02-16T08:20:30","modified_gmt":"2026-02-16T08:20:30","slug":"duales-studium-bei-krueger-gothe","status":"publish","type":"page","link":"https:\/\/www.kug-ems.de\/en\/duales-studium-bei-krueger-gothe\/","title":{"rendered":"Dual stu\u00addy pro\u00adgram at Kr\u00fc\u00adger &amp; Gothe"},"content":{"rendered":"<p>[et_pb_section fb_built=&#8220;1&#8243; prev_background_color=&#8220;RGBA(255,255,255,0)&#8220; _builder_version=&#8220;4.27.4&#8243; _module_preset=&#8220;default&#8220; background_enable_color=&#8220;off&#8220; use_background_color_gradient=&#8220;on&#8220; background_color_gradient_direction=&#8220;201deg&#8220; background_color_gradient_stops=&#8220;#666666 3%|rgba(255,255,255,0) 88%&#8220; background_color_gradient_overlays_image=&#8220;on&#8220; background_image=&#8220;https:\/\/www.kug-ems.de\/wp-content\/uploads\/2025\/09\/KuG-Duales-Studium-Start.webp&#8220; parallax=&#8220;on&#8220; background_enable_video_mp4=&#8220;off&#8220; height=&#8220;55vh&#8220; height_tablet=&#8220;70vh&#8220; height_phone=&#8220;45vh&#8220; height_last_edited=&#8220;on|phone&#8220; custom_padding=&#8220;0px||0px||true|false&#8220; top_divider_style=&#8220;wave2&#8243; bottom_divider_style=&#8220;wave2&#8243; bottom_divider_color=&#8220;#FFFFFF&#8220; animation_style=&#8220;slide&#8220; animation_direction=&#8220;bottom&#8220; animation_duration=&#8220;1600ms&#8220; animation_intensity_slide=&#8220;100%&#8220; animation_speed_curve=&#8220;ease-out&#8220; locked=&#8220;off&#8220; global_colors_info=&#8220;{}&#8220;][et_pb_row _builder_version=&#8220;4.27.4&#8243; _module_preset=&#8220;default&#8220; background_enable_video_mp4=&#8220;off&#8220; width=&#8220;100%&#8220; max_width=&#8220;2560px&#8220; custom_padding=&#8220;0px||0px||true|false&#8220; global_colors_info=&#8220;{}&#8220;][et_pb_column type=&#8220;4_4&#8243; _builder_version=&#8220;4.27.0&#8243; _module_preset=&#8220;default&#8220; global_colors_info=&#8220;{}&#8220;][et_pb_text _builder_version=&#8220;4.27.4&#8243; _module_preset=&#8220;default&#8220; text_font_size=&#8220;16px&#8220; header_2_font=&#8220;&#8211;et_global_heading_font|&#8211;et_global_heading_font_weight|||||||&#8220; header_2_text_color=&#8220;rgba(255,255,255,0.73)&#8220; header_2_font_size=&#8220;3vw&#8220; header_2_line_height=&#8220;1.1em&#8220; background_enable_color=&#8220;off&#8220; custom_margin=&#8220;0px||||false|false&#8220; custom_padding=&#8220;30vh|||10vh|false|false&#8220; custom_padding_tablet=&#8220;26vh|||10vh|false|false&#8220; custom_padding_phone=&#8220;10vh|||9vw|false|false&#8220; custom_padding_last_edited=&#8220;on|phone&#8220; animation_style=&#8220;slide&#8220; animation_direction=&#8220;left&#8220; animation_duration=&#8220;2000ms&#8220; animation_speed_curve=&#8220;ease-out&#8220; header_2_font_size_tablet=&#8220;36px&#8220; header_2_font_size_phone=&#8220;24px&#8220; header_2_font_size_last_edited=&#8220;on|phone&#8220; global_colors_info=&#8220;{}&#8220;]<\/p>\n<h2>DUALES STUDIUM BEI UNS<\/h2>\n<p>[\/et_pb_text][\/et_pb_column][\/et_pb_row][\/et_pb_section][et_pb_section fb_built=&#8220;1&#8243; _builder_version=&#8220;4.27.4&#8243; _module_preset=&#8220;default&#8220; background_enable_color=&#8220;off&#8220; custom_padding=&#8220;||80px||false|false&#8220; locked=&#8220;off&#8220; global_colors_info=&#8220;{}&#8220;][et_pb_row custom_padding_last_edited=&#8220;on|phone&#8220; _builder_version=&#8220;4.27.4&#8243; _module_preset=&#8220;default&#8220; background_color=&#8220;RGBA(255,255,255,0)&#8220; custom_margin=&#8220;0px||0px||true|false&#8220; custom_padding=&#8220;0px||0px||true|false&#8220; custom_padding_tablet=&#8220;&#8220; custom_padding_phone=&#8220;0px||||false|false&#8220; global_colors_info=&#8220;{}&#8220;][et_pb_column type=&#8220;4_4&#8243; _builder_version=&#8220;4.27.0&#8243; _module_preset=&#8220;default&#8220; global_colors_info=&#8220;{}&#8220;][et_pb_heading title=&#8220;ALLES AUF EINEN BLICK&#8220; _builder_version=&#8220;4.27.4&#8243; _module_preset=&#8220;default&#8220; global_colors_info=&#8220;{}&#8220;][\/et_pb_heading][\/et_pb_column][\/et_pb_row][et_pb_row _builder_version=&#8220;4.27.0&#8243; _module_preset=&#8220;default&#8220; background_color=&#8220;RGBA(255,255,255,0)&#8220; global_colors_info=&#8220;{}&#8220;][et_pb_column type=&#8220;4_4&#8243; _builder_version=&#8220;4.27.0&#8243; _module_preset=&#8220;default&#8220; global_colors_info=&#8220;{}&#8220;][et_pb_text _builder_version=&#8220;4.27.4&#8243; _module_preset=&#8220;default&#8220; text_text_color=&#8220;#1A1A1A&#8220; text_font_size=&#8220;15px&#8220; link_text_color=&#8220;#C40404&#8243; global_colors_info=&#8220;{}&#8220;]<\/p>\n<p>Wir sind ein mittelst\u00e4ndischer Elektronikdienstleister f\u00fcr nationale und internationale Kunden mit Standorten in Deutschland und in China. Unsere Marktsegmente befinden sich in den Bereichen Automotive, Bahn, Industrie sowie Luft- und Raumfahrt. Die leistungsstarke Produktion reicht von elektronischen Baugruppen bis hin zu kompletten Elektronikprodukten und Endger\u00e4ten.<\/p>\n<p>[\/et_pb_text][et_pb_divider color=&#8220;#E09900&#8243; divider_weight=&#8220;2px&#8220; _builder_version=&#8220;4.27.4&#8243; _module_preset=&#8220;default&#8220; global_colors_info=&#8220;{}&#8220;][\/et_pb_divider][\/et_pb_column][\/et_pb_row][et_pb_row disabled_on=&#8220;off|off|off&#8220; _builder_version=&#8220;4.27.4&#8243; _module_preset=&#8220;default&#8220; background_color=&#8220;RGBA(255,255,255,0)&#8220; locked=&#8220;off&#8220; global_colors_info=&#8220;{}&#8220;][et_pb_column type=&#8220;4_4&#8243; _builder_version=&#8220;4.27.0&#8243; _module_preset=&#8220;default&#8220; global_colors_info=&#8220;{}&#8220;][et_pb_text _builder_version=&#8220;4.27.4&#8243; _module_preset=&#8220;default&#8220; hover_enabled=&#8220;0&#8243; global_colors_info=&#8220;{}&#8220; sticky_enabled=&#8220;0&#8243;]<\/p>\n<h3><strong><span style=\"color: #ff0000;\">z.Zt. keine Stellenausschreibungen<\/span><\/strong><\/h3>\n<p>[\/et_pb_text][\/et_pb_column][\/et_pb_row][et_pb_row disabled_on=&#8220;on|on|on&#8220; _builder_version=&#8220;4.27.4&#8243; _module_preset=&#8220;default&#8220; background_color=&#8220;RGBA(255,255,255,0)&#8220; disabled=&#8220;on&#8220; locked=&#8220;off&#8220; global_colors_info=&#8220;{}&#8220;][et_pb_column type=&#8220;4_4&#8243; _builder_version=&#8220;4.27.0&#8243; _module_preset=&#8220;default&#8220; global_colors_info=&#8220;{}&#8220;][et_pb_text _builder_version=&#8220;4.27.4&#8243; _module_preset=&#8220;default&#8220; global_colors_info=&#8220;{}&#8220;]<\/p>\n<h3>Duales Studium Elektrotechnik<\/h3>\n<p>(m\/w\/d)<\/p>\n<p>[\/et_pb_text][et_pb_image src=&#8220;https:\/\/www.kug-ems.de\/wp-content\/uploads\/2025\/09\/KuG-Duales-Studium-Body.jpg&#8220; title_text=&#8220;KuG Duales Studium Body&#8220; _builder_version=&#8220;4.27.4&#8243; _module_preset=&#8220;default&#8220; global_colors_info=&#8220;{}&#8220;][\/et_pb_image][\/et_pb_column][\/et_pb_row][et_pb_row disabled_on=&#8220;on|on|on&#8220; _builder_version=&#8220;4.27.4&#8243; _module_preset=&#8220;default&#8220; background_color=&#8220;RGBA(255,255,255,0)&#8220; disabled=&#8220;on&#8220; locked=&#8220;off&#8220; global_colors_info=&#8220;{}&#8220;][et_pb_column type=&#8220;4_4&#8243; _builder_version=&#8220;4.27.0&#8243; _module_preset=&#8220;default&#8220; global_colors_info=&#8220;{}&#8220;][et_pb_text _builder_version=&#8220;4.27.4&#8243; _module_preset=&#8220;default&#8220; text_text_color=&#8220;#1A1A1A&#8220; text_font_size=&#8220;15px&#8220; link_text_color=&#8220;#C40404&#8243; global_colors_info=&#8220;{}&#8220;]<\/p>\n<section class=\"elementor-section elementor-top-section elementor-element elementor-element-273c15b elementor-section-boxed elementor-section-height-default elementor-section-height-default\" data-id=\"273c15b\" data-element_type=\"section\">\n<div class=\"elementor-container elementor-column-gap-default\">\n<div class=\"elementor-column elementor-col-100 elementor-top-column elementor-element elementor-element-e7a3899\" data-id=\"e7a3899\" data-element_type=\"column\">\n<div class=\"elementor-widget-wrap elementor-element-populated\">\n<div class=\"elementor-element elementor-element-1d699b0 elementor-widget elementor-widget-text-editor\" data-id=\"1d699b0\" data-element_type=\"widget\" data-widget_type=\"text-editor.default\">\n<div class=\"elementor-widget-container\">\n<p>Mit dem dualen Bachelor-Studiengang Elektrotechnik erreichen Sie in nur viereinhalb Jahren einen Abschluss als <strong>Bachelor of Engineering<\/strong> sowie einen Berufsabschluss als <strong>Elektroniker\/-in f\u00fcr Ger\u00e4te und Systeme (Fachrichtung Mess- und Pr\u00fcftechnik)<\/strong>.<\/p>\n<p>Die Verbindung von Theorie und Praxis bilden die besten Voraussetzungen f\u00fcr einen erfolgreichen Start ins Berufsleben. Die perfekte Wahl f\u00fcr ambitionierte Berufseinsteiger.<\/p>\n<p>&nbsp;<\/p>\n<p><strong>Ihr Profil:<\/strong><\/p>\n<ul>\n<li>Allgemeine oder fachgebundene Hochschulreife (Abitur), Fachhochschulreife oder vergleichbarer Abschluss<\/li>\n<li>Ehrgeiz, Ausdauer und Zuverl\u00e4ssigkeit<\/li>\n<li>Gutes Zeit- und Selbstmanagement<\/li>\n<li>Motivation und Lernbereitschaft<\/li>\n<li>Begeisterungsf\u00e4higkeit und Spa\u00df an Technik<\/li>\n<li>Einsatzbereitschaft und Teamf\u00e4higkeit<\/li>\n<li>Deutsch in Wort und Schrift<\/li>\n<\/ul>\n<div><\/div>\n<div><\/div>\n<div><\/div>\n<div><\/div>\n<div><\/div>\n<div><\/div>\n<p><strong>Wir bieten:<\/strong><\/p>\n<ul>\n<li>Ein Arbeitsklima, dass vom kollegialen Miteinander und Zusammenhalt gepr\u00e4gt ist<\/li>\n<li>Ein sicherer Studienplatz, in einem dynamischen &amp; globalen Team<\/li>\n<li>gute Work Life Balance- flexible Arbeitszeiten<\/li>\n<li>Intensive Einarbeitung und Begleitung<\/li>\n<li>Anspruchsvolles und abwechslungsreiches Aufgabengebiet<\/li>\n<li>Angebote zur F\u00f6rderung und zum Erhalt Ihrer Gesundheit<\/li>\n<li>Attraktive Sozialleistungen, wie z. B. eine betriebliche Altersvorsorge, Fahrradleasing<\/li>\n<\/ul>\n<p>&nbsp;<\/p>\n<p>&nbsp;<\/p>\n<p><img loading=\"lazy\" decoding=\"async\" src=\"https:\/\/www.kug-ems.de\/wp-content\/uploads\/2025\/09\/KuG-Icons_karriere_zh_280723.png\" width=\"708\" height=\"426\" alt=\"\" class=\"wp-image-1921 alignnone size-full\" \/><\/p>\n<\/div>\n<\/div>\n<\/div>\n<\/div>\n<\/div>\n<\/section>\n<p>[\/et_pb_text][et_pb_button button_url=&#8220;https:\/\/snm-jobs.de\/Stellen\/elektrotechnik\/&#8220; url_new_window=&#8220;on&#8220; button_text=&#8220;Jetzt online bewerben (Zum Bewerberportal)&#8220; button_alignment=&#8220;right&#8220; _builder_version=&#8220;4.27.4&#8243; _module_preset=&#8220;default&#8220; custom_button=&#8220;on&#8220; button_text_size=&#8220;18px&#8220; button_text_color=&#8220;#FFFFFF&#8220; button_bg_color=&#8220;#E09900&#8243; background_layout=&#8220;dark&#8220; animation_style=&#8220;zoom&#8220; global_colors_info=&#8220;{}&#8220;][\/et_pb_button][et_pb_divider color=&#8220;#E09900&#8243; divider_weight=&#8220;2px&#8220; _builder_version=&#8220;4.27.4&#8243; _module_preset=&#8220;default&#8220; global_colors_info=&#8220;{}&#8220;][\/et_pb_divider][\/et_pb_column][\/et_pb_row][\/et_pb_section]<\/p>\n","protected":false},"excerpt":{"rendered":"<p>DUALES STUDIUM BEI UNSWir sind ein mittelst\u00e4ndischer Elektronikdienstleister f\u00fcr nationale und internationale Kunden mit Standorten in Deutschland und in China. Unsere Marktsegmente befinden sich in den Bereichen Automotive, Bahn, Industrie sowie Luft- und Raumfahrt. Die leistungsstarke Produktion reicht von elektronischen Baugruppen bis hin zu kompletten Elektronikprodukten und Endger\u00e4ten.z.Zt. keine StellenausschreibungenDuales Studium Elektrotechnik (m\/w\/d) Mit dem [&hellip;]<\/p>\n","protected":false},"author":1,"featured_media":0,"parent":0,"menu_order":0,"comment_status":"closed","ping_status":"closed","template":"","meta":{"_et_pb_use_builder":"on","_et_pb_old_content":"","_et_gb_content_width":"","inline_featured_image":false,"wp_typography_post_enhancements_disabled":false,"footnotes":""},"class_list":["post-1936","page","type-page","status-publish","hentry"],"_links":{"self":[{"href":"https:\/\/www.kug-ems.de\/en\/wp-json\/wp\/v2\/pages\/1936","targetHints":{"allow":["GET"]}}],"collection":[{"href":"https:\/\/www.kug-ems.de\/en\/wp-json\/wp\/v2\/pages"}],"about":[{"href":"https:\/\/www.kug-ems.de\/en\/wp-json\/wp\/v2\/types\/page"}],"author":[{"embeddable":true,"href":"https:\/\/www.kug-ems.de\/en\/wp-json\/wp\/v2\/users\/1"}],"replies":[{"embeddable":true,"href":"https:\/\/www.kug-ems.de\/en\/wp-json\/wp\/v2\/comments?post=1936"}],"version-history":[{"count":10,"href":"https:\/\/www.kug-ems.de\/en\/wp-json\/wp\/v2\/pages\/1936\/revisions"}],"predecessor-version":[{"id":2752,"href":"https:\/\/www.kug-ems.de\/en\/wp-json\/wp\/v2\/pages\/1936\/revisions\/2752"}],"wp:attachment":[{"href":"https:\/\/www.kug-ems.de\/en\/wp-json\/wp\/v2\/media?parent=1936"}],"curies":[{"name":"wp","href":"https:\/\/api.w.org\/{rel}","templated":true}]}}