{"id":23,"date":"2024-02-14T09:39:00","date_gmt":"2024-02-14T09:39:00","guid":{"rendered":"http:\/\/bmg-technologies.com\/?page_id=23"},"modified":"2026-03-27T08:12:05","modified_gmt":"2026-03-27T08:12:05","slug":"standorte","status":"publish","type":"page","link":"https:\/\/www.kug-ems.de\/en\/standorte\/","title":{"rendered":"Loca\u00adti\u00adons"},"content":{"rendered":"<p>[et_pb_section fb_built=&#8220;1&#8243; _builder_version=&#8220;4.27.4&#8243; _module_preset=&#8220;default&#8220; background_enable_color=&#8220;off&#8220; use_background_color_gradient=&#8220;on&#8220; background_color_gradient_direction=&#8220;201deg&#8220; background_color_gradient_stops=&#8220;#666666 3%|rgba(255,255,255,0) 88%&#8220; background_color_gradient_overlays_image=&#8220;on&#8220; background_image=&#8220;https:\/\/www.kug-ems.de\/wp-content\/uploads\/2025\/09\/shanghai_office.jpg&#8220; parallax=&#8220;on&#8220; background_enable_video_mp4=&#8220;off&#8220; height=&#8220;55vh&#8220; height_tablet=&#8220;70vh&#8220; height_phone=&#8220;45vh&#8220; height_last_edited=&#8220;on|phone&#8220; custom_margin=&#8220;||||false|false&#8220; custom_padding=&#8220;||||true|false&#8220; bottom_divider_style=&#8220;wave2&#8243; bottom_divider_color=&#8220;#ededed&#8220; animation_style=&#8220;slide&#8220; animation_direction=&#8220;bottom&#8220; animation_duration=&#8220;1600ms&#8220; animation_intensity_slide=&#8220;100%&#8220; locked=&#8220;off&#8220; global_colors_info=&#8220;{}&#8220;][et_pb_row _builder_version=&#8220;4.27.4&#8243; _module_preset=&#8220;default&#8220; background_enable_video_mp4=&#8220;off&#8220; width=&#8220;100%&#8220; max_width=&#8220;2560px&#8220; height=&#8220;45vw&#8220; custom_padding=&#8220;0px||0px||true|false&#8220; global_colors_info=&#8220;{}&#8220;][et_pb_column type=&#8220;4_4&#8243; _builder_version=&#8220;4.27.0&#8243; _module_preset=&#8220;default&#8220; global_colors_info=&#8220;{}&#8220;][et_pb_text _builder_version=&#8220;4.27.4&#8243; _module_preset=&#8220;default&#8220; text_font_size=&#8220;16px&#8220; header_2_font=&#8220;&#8211;et_global_heading_font|&#8211;et_global_heading_font_weight|||||||&#8220; header_2_text_color=&#8220;rgba(255,255,255,0.73)&#8220; header_2_font_size=&#8220;4vw&#8220; header_2_line_height=&#8220;1.1em&#8220; background_enable_color=&#8220;off&#8220; custom_margin=&#8220;0px||||false|false&#8220; custom_padding=&#8220;30vh|||10vh|false|false&#8220; custom_padding_tablet=&#8220;26vh|||10vh|false|false&#8220; custom_padding_phone=&#8220;10vh|||9vw|false|false&#8220; custom_padding_last_edited=&#8220;on|phone&#8220; animation_style=&#8220;slide&#8220; animation_direction=&#8220;left&#8220; animation_duration=&#8220;2000ms&#8220; animation_speed_curve=&#8220;ease-out&#8220; header_2_font_size_tablet=&#8220;36px&#8220; header_2_font_size_phone=&#8220;24px&#8220; header_2_font_size_last_edited=&#8220;on|phone&#8220; global_colors_info=&#8220;{}&#8220;]<\/p>\n<h2>STANDORTE<\/h2>\n<p>[\/et_pb_text][\/et_pb_column][\/et_pb_row][\/et_pb_section][et_pb_section fb_built=&#8220;1&#8243; _builder_version=&#8220;4.27.4&#8243; _module_preset=&#8220;default&#8220; background_color=&#8220;#ededed&#8220; custom_padding=&#8220;||80px||false|false&#8220; locked=&#8220;off&#8220; global_colors_info=&#8220;{}&#8220;][et_pb_row custom_padding_last_edited=&#8220;on|phone&#8220; _builder_version=&#8220;4.27.0&#8243; _module_preset=&#8220;default&#8220; background_color=&#8220;RGBA(255,255,255,0)&#8220; custom_padding_tablet=&#8220;&#8220; custom_padding_phone=&#8220;0px||||false|false&#8220; global_colors_info=&#8220;{}&#8220;][et_pb_column type=&#8220;4_4&#8243; _builder_version=&#8220;4.27.0&#8243; _module_preset=&#8220;default&#8220; global_colors_info=&#8220;{}&#8220;][et_pb_heading title=&#8220;UNSER PRODUKTIONSSTANDORT IN DEUTSCHLAND&#8220; _builder_version=&#8220;4.27.4&#8243; _module_preset=&#8220;default&#8220; global_colors_info=&#8220;{}&#8220;][\/et_pb_heading][\/et_pb_column][\/et_pb_row][et_pb_row column_structure=&#8220;1_2,1_2&#8243; _builder_version=&#8220;4.27.0&#8243; _module_preset=&#8220;default&#8220; background_color=&#8220;RGBA(255,255,255,0)&#8220; global_colors_info=&#8220;{}&#8220;][et_pb_column type=&#8220;1_2&#8243; _builder_version=&#8220;4.27.0&#8243; _module_preset=&#8220;default&#8220; global_colors_info=&#8220;{}&#8220;][et_pb_text _builder_version=&#8220;4.27.4&#8243; _module_preset=&#8220;default&#8220; text_text_color=&#8220;#1A1A1A&#8220; text_font_size=&#8220;15px&#8220; link_text_color=&#8220;#C40404&#8243; hover_enabled=&#8220;0&#8243; global_colors_info=&#8220;{}&#8220; sticky_enabled=&#8220;0&#8243;]<\/p>\n<div class=\"elementor-element elementor-element-c7c0031 elementor-widget elementor-widget-text-editor\" data-id=\"c7c0031\" data-element_type=\"widget\" data-widget_type=\"text-editor.default\">\n<div class=\"elementor-widget-container\">\n<p><strong>Kr\u00fcger &amp; Gothe GmbH<\/strong><\/p>\n<p>Atzendorfer Str. 19<br \/>39418 Sta\u00dffurt<\/p>\n<p>Tel.: +49 3925 96 76 \u2013 0<br \/>Fax: +49 3925 96 76 \u2013 76<\/p>\n<p>E-Mail:\u00a0<a href=\"mailto:info@kug-ems.de\">info@kug-ems.de<\/a><\/p>\n<\/div>\n<\/div>\n<p>[\/et_pb_text][\/et_pb_column][et_pb_column type=&#8220;1_2&#8243; _builder_version=&#8220;4.27.0&#8243; _module_preset=&#8220;default&#8220; global_colors_info=&#8220;{}&#8220;][et_pb_slider _builder_version=&#8220;4.27.4&#8243; _module_preset=&#8220;default&#8220; height=&#8220;20vw&#8220; animation_style=&#8220;slide&#8220; animation_direction=&#8220;right&#8220; auto=&#8220;on&#8220; hover_transition_duration=&#8220;1000ms&#8220; hover_transition_speed_curve=&#8220;ease-in-out&#8220; global_colors_info=&#8220;{}&#8220;][et_pb_slide _builder_version=&#8220;4.27.4&#8243; _module_preset=&#8220;default&#8220; background_color=&#8220;RGBA(255,255,255,0)&#8220; background_enable_color=&#8220;on&#8220; background_image=&#8220;https:\/\/www.kug-ems.de\/wp-content\/uploads\/2025\/10\/KuG-Firmengebaeude-klein.webp&#8220; background_enable_image=&#8220;on&#8220; global_colors_info=&#8220;{}&#8220; sticky_transition=&#8220;on&#8220;][\/et_pb_slide][et_pb_slide _builder_version=&#8220;4.27.4&#8243; _module_preset=&#8220;default&#8220; background_color=&#8220;RGBA(255,255,255,0)&#8220; background_enable_color=&#8220;on&#8220; background_image=&#8220;https:\/\/www.kug-ems.de\/wp-content\/uploads\/2025\/09\/stassfurt_slider01.webp&#8220; background_enable_image=&#8220;on&#8220; global_colors_info=&#8220;{}&#8220; sticky_transition=&#8220;on&#8220;][\/et_pb_slide][et_pb_slide _builder_version=&#8220;4.27.4&#8243; _module_preset=&#8220;default&#8220; background_color=&#8220;RGBA(255,255,255,0)&#8220; background_enable_color=&#8220;on&#8220; background_image=&#8220;https:\/\/www.kug-ems.de\/wp-content\/uploads\/2025\/09\/stassfurt_slider02.webp&#8220; background_enable_image=&#8220;on&#8220; global_colors_info=&#8220;{}&#8220; sticky_transition=&#8220;on&#8220;][\/et_pb_slide][et_pb_slide _builder_version=&#8220;4.27.4&#8243; _module_preset=&#8220;default&#8220; background_color=&#8220;RGBA(255,255,255,0)&#8220; background_enable_color=&#8220;on&#8220; background_image=&#8220;https:\/\/www.kug-ems.de\/wp-content\/uploads\/2025\/09\/stassfurt_slider03.webp&#8220; background_enable_image=&#8220;on&#8220; global_colors_info=&#8220;{}&#8220; sticky_transition=&#8220;on&#8220;][\/et_pb_slide][et_pb_slide _builder_version=&#8220;4.27.4&#8243; _module_preset=&#8220;default&#8220; background_color=&#8220;RGBA(255,255,255,0)&#8220; background_enable_color=&#8220;on&#8220; background_image=&#8220;https:\/\/www.kug-ems.de\/wp-content\/uploads\/2025\/09\/stassfurt_slider04.webp&#8220; background_enable_image=&#8220;on&#8220; global_colors_info=&#8220;{}&#8220; sticky_transition=&#8220;on&#8220;][\/et_pb_slide][\/et_pb_slider][\/et_pb_column][\/et_pb_row][\/et_pb_section][et_pb_section fb_built=&#8220;1&#8243; _builder_version=&#8220;4.27.4&#8243; _module_preset=&#8220;default&#8220; background_color=&#8220;#FFFFFF&#8220; custom_padding=&#8220;||80px||false|false&#8220; locked=&#8220;off&#8220; global_colors_info=&#8220;{}&#8220;][et_pb_row custom_padding_last_edited=&#8220;on|phone&#8220; _builder_version=&#8220;4.27.0&#8243; _module_preset=&#8220;default&#8220; background_color=&#8220;RGBA(255,255,255,0)&#8220; custom_padding_tablet=&#8220;&#8220; custom_padding_phone=&#8220;0px||||false|false&#8220; global_colors_info=&#8220;{}&#8220;][et_pb_column type=&#8220;4_4&#8243; _builder_version=&#8220;4.27.0&#8243; _module_preset=&#8220;default&#8220; global_colors_info=&#8220;{}&#8220;][et_pb_heading title=&#8220;UNSER PRODUKTIONSSTANDORT IN CHINA&#8220; _builder_version=&#8220;4.27.4&#8243; _module_preset=&#8220;default&#8220; background_color=&#8220;RGBA(255,255,255,0)&#8220; global_colors_info=&#8220;{}&#8220;][\/et_pb_heading][\/et_pb_column][\/et_pb_row][et_pb_row column_structure=&#8220;1_2,1_2&#8243; _builder_version=&#8220;4.27.0&#8243; _module_preset=&#8220;default&#8220; background_color=&#8220;RGBA(255,255,255,0)&#8220; global_colors_info=&#8220;{}&#8220;][et_pb_column type=&#8220;1_2&#8243; _builder_version=&#8220;4.27.0&#8243; _module_preset=&#8220;default&#8220; global_colors_info=&#8220;{}&#8220;][et_pb_text _builder_version=&#8220;4.27.4&#8243; _module_preset=&#8220;default&#8220; text_text_color=&#8220;#1A1A1A&#8220; text_font_size=&#8220;15px&#8220; link_text_color=&#8220;#C40404&#8243; global_colors_info=&#8220;{}&#8220;]<\/p>\n<div class=\"elementor-element elementor-element-c7c0031 elementor-widget elementor-widget-text-editor\" data-id=\"c7c0031\" data-element_type=\"widget\" data-widget_type=\"text-editor.default\">\n<div class=\"elementor-widget-container\">\n<div class=\"elementor-element elementor-element-8c66e08 elementor-widget elementor-widget-text-editor\" data-id=\"8c66e08\" data-element_type=\"widget\" data-widget_type=\"text-editor.default\">\n<div class=\"elementor-widget-container\">\n<p><strong>KuG Electronics (Kunshan) Co., Ltd.<\/strong><\/p>\n<p>No. 329 Jujin Road<\/p>\n<p>Zhangpu Town, 215321 Kunshan,<\/p>\n<p>Jiangsu Province P.R.C<\/p>\n<p>Tel.: +86 512 87880042<br \/>Fax: +86 512-38653991<\/p>\n<p>E-Mail:\u00a0<a href=\"mailto:info@kug-ems.de\">info@kug-ems.de<\/a><\/p>\n<\/div>\n<\/div>\n<\/div>\n<\/div>\n<p>[\/et_pb_text][\/et_pb_column][et_pb_column type=&#8220;1_2&#8243; _builder_version=&#8220;4.27.0&#8243; _module_preset=&#8220;default&#8220; global_colors_info=&#8220;{}&#8220;][et_pb_slider _builder_version=&#8220;4.27.4&#8243; _module_preset=&#8220;default&#8220; height=&#8220;20vw&#8220; animation_style=&#8220;slide&#8220; animation_direction=&#8220;right&#8220; auto=&#8220;on&#8220; hover_transition_duration=&#8220;1000ms&#8220; hover_transition_speed_curve=&#8220;ease-in-out&#8220; global_colors_info=&#8220;{}&#8220;][et_pb_slide _builder_version=&#8220;4.27.4&#8243; _module_preset=&#8220;default&#8220; background_color=&#8220;RGBA(255,255,255,0)&#8220; background_enable_color=&#8220;on&#8220; background_image=&#8220;https:\/\/www.kug-ems.de\/wp-content\/uploads\/2025\/09\/kunshan_slider01.webp&#8220; background_enable_image=&#8220;on&#8220; global_colors_info=&#8220;{}&#8220; sticky_transition=&#8220;on&#8220;][\/et_pb_slide][et_pb_slide _builder_version=&#8220;4.27.4&#8243; _module_preset=&#8220;default&#8220; background_color=&#8220;RGBA(255,255,255,0)&#8220; background_enable_color=&#8220;on&#8220; background_image=&#8220;https:\/\/www.kug-ems.de\/wp-content\/uploads\/2025\/09\/kunshan_slider02.webp&#8220; background_enable_image=&#8220;on&#8220; global_colors_info=&#8220;{}&#8220; sticky_transition=&#8220;on&#8220;][\/et_pb_slide][et_pb_slide _builder_version=&#8220;4.27.4&#8243; _module_preset=&#8220;default&#8220; background_color=&#8220;RGBA(255,255,255,0)&#8220; background_enable_color=&#8220;on&#8220; background_image=&#8220;https:\/\/www.kug-ems.de\/wp-content\/uploads\/2025\/09\/kunshan_slider03.webp&#8220; background_enable_image=&#8220;on&#8220; global_colors_info=&#8220;{}&#8220; sticky_transition=&#8220;on&#8220;][\/et_pb_slide][et_pb_slide _builder_version=&#8220;4.27.4&#8243; _module_preset=&#8220;default&#8220; background_color=&#8220;RGBA(255,255,255,0)&#8220; background_enable_color=&#8220;on&#8220; background_image=&#8220;https:\/\/www.kug-ems.de\/wp-content\/uploads\/2025\/09\/kunshan_slider04.webp&#8220; background_enable_image=&#8220;on&#8220; global_colors_info=&#8220;{}&#8220; sticky_transition=&#8220;on&#8220;][\/et_pb_slide][\/et_pb_slider][\/et_pb_column][\/et_pb_row][et_pb_row column_structure=&#8220;1_2,1_2&#8243; use_custom_gutter=&#8220;on&#8220; gutter_width=&#8220;1&#8243; module_id=&#8220;kunshan&#8220; _builder_version=&#8220;4.27.4&#8243; _module_preset=&#8220;default&#8220; background_color=&#8220;rgba(224,200,148,0.31)&#8220; border_color_all=&#8220;#E09900&#8243; border_style_all=&#8220;groove&#8220; global_colors_info=&#8220;{}&#8220;][et_pb_column type=&#8220;1_2&#8243; _builder_version=&#8220;4.27.4&#8243; _module_preset=&#8220;default&#8220; global_colors_info=&#8220;{}&#8220;][et_pb_text _builder_version=&#8220;4.27.4&#8243; _module_preset=&#8220;default&#8220; background_color=&#8220;RGBA(255,255,255,0)&#8220; custom_margin=&#8220;20px|||45px|false|false&#8220; custom_padding=&#8220;25px|25px|25px|45px|true|false&#8220; border_color_all=&#8220;#E09900&#8243; border_width_right=&#8220;0px&#8220; global_colors_info=&#8220;{}&#8220;]<\/p>\n<p><img loading=\"lazy\" decoding=\"async\" src=\"https:\/\/www.kug-ems.de\/wp-content\/uploads\/2026\/03\/Wechat_Logo-300x300.png\" width=\"91\" height=\"91\" alt=\"\" class=\"wp-image-2755 alignnone size-medium\" \/><\/p>\n<p><strong>KuG Electronics in Kunshan\/China erreichen Sie auch \u00fcber die Socialmedia-Plattform WeChat.<\/strong><\/p>\n<p>Dazu ben\u00f6tigen Sie die in der Volksrepublik China sehr verbreitete WeChat-App. Diese k\u00f6nnen Sie eigenverantwortlich \u00fcber verschiedene offizielle App-Stores auf Ihr Endger\u00e4t laden. Wenn Sie WeChat benutzen, k\u00f6nnen Sie den hier abgebildeten QR-Code scannen und auch auf diesem Weg Kontakt zu KuG Electronics aufnehmen.<\/p>\n<p>[\/et_pb_text][\/et_pb_column][et_pb_column type=&#8220;1_2&#8243; _builder_version=&#8220;4.27.4&#8243; _module_preset=&#8220;default&#8220; custom_padding=&#8220;38px|33px|||false|false&#8220; global_colors_info=&#8220;{}&#8220;][et_pb_text _builder_version=&#8220;4.27.4&#8243; _module_preset=&#8220;default&#8220; background_color=&#8220;RGBA(255,255,255,0)&#8220; custom_margin=&#8220;20px|45px||45px|false|false&#8220; custom_padding=&#8220;25px|25px|25px|45px|true|false&#8220; border_color_all=&#8220;#E09900&#8243; border_width_left=&#8220;0px&#8220; global_colors_info=&#8220;{}&#8220;]<\/p>\n<p><img loading=\"lazy\" decoding=\"async\" src=\"https:\/\/www.kug-ems.de\/wp-content\/uploads\/2026\/03\/QRCode_Wechat-300x300.jpg\" width=\"300\" height=\"300\" alt=\"\" class=\"wp-image-2756 alignnone size-medium\" srcset=\"https:\/\/www.kug-ems.de\/wp-content\/uploads\/2026\/03\/QRCode_Wechat-300x300.jpg 300w, https:\/\/www.kug-ems.de\/wp-content\/uploads\/2026\/03\/QRCode_Wechat-150x150.jpg 150w, https:\/\/www.kug-ems.de\/wp-content\/uploads\/2026\/03\/QRCode_Wechat-12x12.jpg 12w, https:\/\/www.kug-ems.de\/wp-content\/uploads\/2026\/03\/QRCode_Wechat.jpg 430w\" sizes=\"(max-width: 300px) 100vw, 300px\" \/><\/p>\n<p>[\/et_pb_text][\/et_pb_column][\/et_pb_row][\/et_pb_section]<\/p>\n","protected":false},"excerpt":{"rendered":"<p>STANDORTE Kr\u00fcger &amp; Gothe GmbH Atzendorfer Str. 1939418 Sta\u00dffurt Tel.: +49 3925 96 76 \u2013 0Fax: +49 3925 96 76 \u2013 76 E-Mail:\u00a0info@kug-ems.de KuG Electronics (Kunshan) Co., Ltd. No. 329 Jujin Road Zhangpu Town, 215321 Kunshan, Jiangsu Province P.R.C Tel.: +86 512 87880042Fax: +86 512-38653991 E-Mail:\u00a0info@kug-ems.de KuG Electronics in Kunshan\/China erreichen Sie auch \u00fcber die [&hellip;]<\/p>\n","protected":false},"author":1,"featured_media":0,"parent":0,"menu_order":0,"comment_status":"closed","ping_status":"closed","template":"","meta":{"_et_pb_use_builder":"on","_et_pb_old_content":"<!-- wp:divi\/placeholder \/-->","_et_gb_content_width":"","inline_featured_image":false,"wp_typography_post_enhancements_disabled":false,"footnotes":""},"class_list":["post-23","page","type-page","status-publish","hentry"],"_links":{"self":[{"href":"https:\/\/www.kug-ems.de\/en\/wp-json\/wp\/v2\/pages\/23","targetHints":{"allow":["GET"]}}],"collection":[{"href":"https:\/\/www.kug-ems.de\/en\/wp-json\/wp\/v2\/pages"}],"about":[{"href":"https:\/\/www.kug-ems.de\/en\/wp-json\/wp\/v2\/types\/page"}],"author":[{"embeddable":true,"href":"https:\/\/www.kug-ems.de\/en\/wp-json\/wp\/v2\/users\/1"}],"replies":[{"embeddable":true,"href":"https:\/\/www.kug-ems.de\/en\/wp-json\/wp\/v2\/comments?post=23"}],"version-history":[{"count":67,"href":"https:\/\/www.kug-ems.de\/en\/wp-json\/wp\/v2\/pages\/23\/revisions"}],"predecessor-version":[{"id":2771,"href":"https:\/\/www.kug-ems.de\/en\/wp-json\/wp\/v2\/pages\/23\/revisions\/2771"}],"wp:attachment":[{"href":"https:\/\/www.kug-ems.de\/en\/wp-json\/wp\/v2\/media?parent=23"}],"curies":[{"name":"wp","href":"https:\/\/api.w.org\/{rel}","templated":true}]}}