{"id":25,"date":"2024-02-14T09:43:47","date_gmt":"2024-02-14T09:43:47","guid":{"rendered":"http:\/\/bmg-technologies.com\/?page_id=25"},"modified":"2026-03-31T07:48:21","modified_gmt":"2026-03-31T07:48:21","slug":"zertifikate","status":"publish","type":"page","link":"https:\/\/www.kug-ems.de\/en\/zertifikate\/","title":{"rendered":"Cer\u00adti\u00adfi\u00adca\u00adtes"},"content":{"rendered":"<p>[et_pb_section fb_built=&#8220;1&#8243; prev_background_color=&#8220;RGBA(255,255,255,0)&#8220; _builder_version=&#8220;4.27.4&#8243; _module_preset=&#8220;default&#8220; background_enable_color=&#8220;off&#8220; use_background_color_gradient=&#8220;on&#8220; background_color_gradient_direction=&#8220;201deg&#8220; background_color_gradient_stops=&#8220;#424242 3%|rgba(255,255,255,0) 88%&#8220; background_color_gradient_overlays_image=&#8220;on&#8220; background_image=&#8220;https:\/\/www.kug-ems.de\/wp-content\/uploads\/2025\/09\/KuG-Firmenpylon.jpg&#8220; parallax=&#8220;on&#8220; background_enable_video_mp4=&#8220;off&#8220; height=&#8220;50vh&#8220; height_tablet=&#8220;70vh&#8220; height_phone=&#8220;45vh&#8220; height_last_edited=&#8220;on|phone&#8220; custom_padding=&#8220;0px||0px||true|false&#8220; top_divider_style=&#8220;wave2&#8243; bottom_divider_style=&#8220;wave2&#8243; bottom_divider_color=&#8220;#ededed&#8220; animation_style=&#8220;slide&#8220; animation_direction=&#8220;bottom&#8220; animation_duration=&#8220;1600ms&#8220; animation_intensity_slide=&#8220;100%&#8220; locked=&#8220;off&#8220; global_colors_info=&#8220;{}&#8220;][et_pb_row _builder_version=&#8220;4.27.4&#8243; _module_preset=&#8220;default&#8220; background_enable_video_mp4=&#8220;off&#8220; width=&#8220;100%&#8220; max_width=&#8220;2560px&#8220; custom_padding=&#8220;0px||0px||true|false&#8220; global_colors_info=&#8220;{}&#8220;][et_pb_column type=&#8220;4_4&#8243; _builder_version=&#8220;4.27.0&#8243; _module_preset=&#8220;default&#8220; global_colors_info=&#8220;{}&#8220;][et_pb_text _builder_version=&#8220;4.27.4&#8243; _module_preset=&#8220;default&#8220; text_font_size=&#8220;16px&#8220; header_2_font=&#8220;&#8211;et_global_heading_font|&#8211;et_global_heading_font_weight|||||||&#8220; header_2_text_color=&#8220;rgba(255,255,255,0.73)&#8220; header_2_font_size=&#8220;4vw&#8220; header_2_line_height=&#8220;1.1em&#8220; background_enable_color=&#8220;off&#8220; custom_margin=&#8220;0px||||false|false&#8220; custom_padding=&#8220;30vh|||10vh|false|false&#8220; custom_padding_tablet=&#8220;26vh|||10vh|false|false&#8220; custom_padding_phone=&#8220;10vh|||9vw|false|false&#8220; custom_padding_last_edited=&#8220;on|phone&#8220; animation_style=&#8220;slide&#8220; animation_direction=&#8220;left&#8220; animation_duration=&#8220;2000ms&#8220; animation_speed_curve=&#8220;ease-out&#8220; header_2_font_size_tablet=&#8220;36px&#8220; header_2_font_size_phone=&#8220;24px&#8220; header_2_font_size_last_edited=&#8220;on|phone&#8220; global_colors_info=&#8220;{}&#8220;]<\/p>\n<h2>ZERTIFIKATE<\/h2>\n<p>[\/et_pb_text][\/et_pb_column][\/et_pb_row][\/et_pb_section][et_pb_section fb_built=&#8220;1&#8243; _builder_version=&#8220;4.27.4&#8243; _module_preset=&#8220;default&#8220; background_color=&#8220;#ededed&#8220; custom_padding=&#8220;||80px||false|false&#8220; locked=&#8220;off&#8220; global_colors_info=&#8220;{}&#8220;][et_pb_row custom_padding_last_edited=&#8220;on|phone&#8220; _builder_version=&#8220;4.27.0&#8243; _module_preset=&#8220;default&#8220; background_color=&#8220;RGBA(255,255,255,0)&#8220; custom_padding_tablet=&#8220;&#8220; custom_padding_phone=&#8220;0px||||false|false&#8220; global_colors_info=&#8220;{}&#8220;][et_pb_column type=&#8220;4_4&#8243; _builder_version=&#8220;4.27.0&#8243; _module_preset=&#8220;default&#8220; global_colors_info=&#8220;{}&#8220;][et_pb_heading title=&#8220;GEPR\u00dcFTE QUALIT\u00c4T&#8220; _builder_version=&#8220;4.27.4&#8243; _module_preset=&#8220;default&#8220; global_colors_info=&#8220;{}&#8220;][\/et_pb_heading][\/et_pb_column][\/et_pb_row][et_pb_row disabled_on=&#8220;on|on|on&#8220; _builder_version=&#8220;4.27.4&#8243; _module_preset=&#8220;default&#8220; background_color=&#8220;RGBA(255,255,255,0)&#8220; hover_enabled=&#8220;0&#8243; locked=&#8220;off&#8220; global_colors_info=&#8220;{}&#8220; disabled=&#8220;on&#8220; sticky_enabled=&#8220;0&#8243;][et_pb_column type=&#8220;4_4&#8243; _builder_version=&#8220;4.27.0&#8243; _module_preset=&#8220;default&#8220; global_colors_info=&#8220;{}&#8220;][et_pb_text _builder_version=&#8220;4.27.4&#8243; _module_preset=&#8220;default&#8220; text_text_color=&#8220;#1A1A1A&#8220; text_font_size=&#8220;15px&#8220; link_text_color=&#8220;#C40404&#8243; z_index=&#8220;22&#8243; custom_css_main_element=&#8220;text-align: justify;||columns: 100px 2;||-webkit-columns: 100px 2;||-moz-columns: 100px 2;&#8220; global_colors_info=&#8220;{}&#8220;]<\/p>\n<p>Als\u00a0Elektronikdienstleister (EMS) nehmen alle Mitarbeiter der Kr\u00fcger &amp; Gothe GmbH die\u00a0<strong>Qualit\u00e4tsverantwortung<\/strong>\u00a0f\u00fcr die Kunden sehr ernst. Daher steht die Qualit\u00e4t\u00a0im\u00a0<strong>Mittelpunkt aller Unternehmensprozesse<\/strong>.\u00a0Um diesen Qualit\u00e4tsanspruch sicherzustellen, sind alle Mitarbeiter in den technischen und nicht technischen Bereichen f\u00fcr die Realisierung der Unternehmensqualit\u00e4t verantwortlich. Nur so ist es m\u00f6glich, den Standard \u00a0<strong>\u201cMade in Germany\u201d\u00a0<\/strong>ganzheitlich und allumfassend sicherzustellen. Um diesen hohen Anspruch auch kontinuierlich weiter zu entwickeln, unterzieht sich das Unternehmen regelm\u00e4\u00dfigen\u00a0<strong>Zertifizierungs- und Kundenaudits<\/strong>. Die Erkenntnisse aus diesen Audits m\u00fcnden in zus\u00e4tzlichen Optimierungsprozessen.Erg\u00e4nzend dazu hat die Kr\u00fcger &amp; Gothe GmbH den Prozess der kontinuierlichen Verbesserung fest in seiner Firmenkultur etabliert.<\/p>\n<p>&nbsp;<\/p>\n<p>Das Qualit\u00e4tsmanagementsystem des Unternehmens ist nach den aufgef\u00fchrten Normen erfolgreich zertifiziert. Die Zertifizierungen werden in regelm\u00e4\u00dfigen Abst\u00e4nden aktualisiert.<\/p>\n<ul>\n<li><span style=\"color: #3366ff;\"><a href=\"https:\/\/www.kug-ems.de\/wp-content\/uploads\/2025\/09\/iso_9001_2015.pdf\" target=\"_blank\" rel=\"noopener\" style=\"color: #3366ff;\">DIN ISO 9001:2015<\/a><\/span><\/li>\n<li><span style=\"color: #3366ff;\"><a href=\"https:\/\/www.kug-ems.de\/wp-content\/uploads\/2025\/09\/iatf_16949_2016.pdf\" target=\"_blank\" rel=\"noopener\" style=\"color: #3366ff;\">IATF 16949:2016<\/a><\/span><\/li>\n<li><span style=\"color: #3366ff;\"><a href=\"https:\/\/www.kug-ems.de\/wp-content\/uploads\/2025\/09\/Zertifikat-ISO-14001_2015_dt_eng.pdf\" target=\"_blank\" rel=\"noopener\" style=\"color: #3366ff;\">DIN ISO 14001:2015<\/a><\/span><\/li>\n<li><span style=\"color: #3366ff;\"><a href=\"https:\/\/www.kug-ems.de\/wp-content\/uploads\/2025\/09\/certificate_26779_en_full_KruegerGothe.pdf\" target=\"_blank\" rel=\"noopener\" style=\"color: #3366ff;\">IRIS CERTIFICATION<\/a><\/span><\/li>\n<\/ul>\n<p>Ein weiterer Bestandteil der\u00a0<strong>Produktionsqualit\u00e4t<\/strong>\u00a0wird \u00fcber die umfassenden\u00a0<strong>Normvorgaben der IPC<\/strong>\u00a0geregelt. Die Mitarbeiter der Kr\u00fcger &amp; Gothe GmbH werden darin regelm\u00e4\u00dfig geschult und unterziehen sich neutralen Pr\u00fcfungen (CIS). Hierbei arbeitet das Unternehmen eng mit dem\u00a0<strong>FED (Fachverband Elektronik-Design e.V.)<\/strong>\u00a0und weiteren qualifizierten Unternehmen zusammen.<\/p>\n<p>[\/et_pb_text][\/et_pb_column][\/et_pb_row][et_pb_row disabled_on=&#8220;on|on|off&#8220; _builder_version=&#8220;4.27.4&#8243; _module_preset=&#8220;default&#8220; background_color=&#8220;RGBA(255,255,255,0)&#8220; locked=&#8220;off&#8220; global_colors_info=&#8220;{}&#8220;][et_pb_column type=&#8220;4_4&#8243; _builder_version=&#8220;4.27.0&#8243; _module_preset=&#8220;default&#8220; global_colors_info=&#8220;{}&#8220;][et_pb_text _builder_version=&#8220;4.27.4&#8243; _module_preset=&#8220;default&#8220; text_text_color=&#8220;#1A1A1A&#8220; text_font_size=&#8220;15px&#8220; link_text_color=&#8220;#C40404&#8243; z_index=&#8220;22&#8243; hover_enabled=&#8220;0&#8243; custom_css_main_element=&#8220;text-align: justify;||columns: 100px 2;||-webkit-columns: 100px 2;||-moz-columns: 100px 2;&#8220; global_colors_info=&#8220;{}&#8220; sticky_enabled=&#8220;0&#8243;]<\/p>\n<p>Als Elektronikdienstleister (EMS) nehmen alle Mitarbeiter der Kr\u00fcger &amp; Gothe GmbH die <strong>Qualit\u00e4tsverantwortung<\/strong> f\u00fcr die Kunden sehr ernst. Daher steht die Qualit\u00e4t im <strong>Mittelpunkt aller Unternehmensprozesse<\/strong>. Um diesen Qualit\u00e4tsanspruch sicherzustellen, sind alle Mitarbeiter in den technischen und nicht technischen Bereichen f\u00fcr die Realisierung der Unternehmensqualit\u00e4t verantwortlich. Nur so ist es m\u00f6glich, den Standard <strong>\u201cMade in Germany\u201d<\/strong> ganzheitlich und allumfassend sicherzustellen. Um diesen hohen Anspruch auch kontinuierlich weiter zu entwickeln, unterzieht sich das Unternehmen regelm\u00e4\u00dfigen <strong>Zertifizierungs- und Kundenaudits<\/strong>. Die Erkenntnisse aus diesen Audits m\u00fcnden in zus\u00e4tzlichen Optimierungsprozessen. Erg\u00e4nzend dazu hat die Kr\u00fcger &amp; Gothe GmbH den Prozess der kontinuierlichen Verbesserung fest in seiner Firmenkultur etabliert.<\/p>\n<p>&nbsp;<\/p>\n<p>Das Qualit\u00e4tsmanagementsystem des Unternehmens ist nach den aufgef\u00fchrten Normen erfolgreich zertifiziert. Die Zertifizierungen werden in regelm\u00e4\u00dfigen Abst\u00e4nden aktualisiert.<\/p>\n<ul>\n<li><span style=\"color: #3366ff;\"><a href=\"https:\/\/www.kug-ems.de\/wp-content\/uploads\/2025\/09\/iso_9001_2015.pdf\" target=\"_blank\" rel=\"noopener\" style=\"color: #3366ff;\">DIN ISO 9001:2015<\/a><\/span><\/li>\n<li><span style=\"color: #3366ff;\"><a href=\"https:\/\/www.kug-ems.de\/wp-content\/uploads\/2025\/09\/iatf_16949_2016.pdf\" target=\"_blank\" rel=\"noopener\" style=\"color: #3366ff;\">IATF 16949:2016<\/a><\/span><\/li>\n<li><span style=\"color: #3366ff;\"><a href=\"https:\/\/www.kug-ems.de\/wp-content\/uploads\/2025\/09\/Zertifikat-ISO-14001_2015_dt_eng.pdf\" target=\"_blank\" rel=\"noopener\" style=\"color: #3366ff;\">DIN ISO 14001:2015<\/a><\/span><\/li>\n<li><span style=\"color: #3366ff;\"><a href=\"https:\/\/www.kug-ems.de\/wp-content\/uploads\/2025\/09\/certificate_26779_en_full_KruegerGothe.pdf\" target=\"_blank\" rel=\"noopener\" style=\"color: #3366ff;\">IRIS CERTIFICATION<\/a><\/span><\/li>\n<\/ul>\n<p>Ein weiterer Bestandteil der <strong>Produktionsqualit\u00e4t<\/strong> wird \u00fcber die umfassenden <strong>Normvorgaben der IPC<\/strong> geregelt. Die Mitarbeiter der Kr\u00fcger &amp; Gothe GmbH werden darin regelm\u00e4\u00dfig geschult und unterziehen sich neutralen Pr\u00fcfungen (CIS). Hierbei arbeitet das Unternehmen eng mit dem <strong>FED (Fachverband Elektronik-Design e.V.)<\/strong> und weiteren qualifizierten Unternehmen zusammen.<\/p>\n<p>[\/et_pb_text][\/et_pb_column][\/et_pb_row][et_pb_row disabled_on=&#8220;off|off|on&#8220; _builder_version=&#8220;4.27.4&#8243; _module_preset=&#8220;default&#8220; background_color=&#8220;RGBA(255,255,255,0)&#8220; locked=&#8220;off&#8220; global_colors_info=&#8220;{}&#8220;][et_pb_column type=&#8220;4_4&#8243; _builder_version=&#8220;4.27.0&#8243; _module_preset=&#8220;default&#8220; global_colors_info=&#8220;{}&#8220;][et_pb_text _builder_version=&#8220;4.27.4&#8243; _module_preset=&#8220;default&#8220; text_text_color=&#8220;#1A1A1A&#8220; text_font_size=&#8220;15px&#8220; link_text_color=&#8220;#C40404&#8243; z_index=&#8220;22&#8243; global_colors_info=&#8220;{}&#8220;]<\/p>\n<p>Als\u00a0Elektronikdienstleister (EMS) nehmen alle Mitarbeiter der Kr\u00fcger &amp; Gothe GmbH die\u00a0<strong>Qualit\u00e4tsverantwortung<\/strong>\u00a0f\u00fcr die Kunden sehr ernst. Daher steht die Qualit\u00e4t\u00a0im\u00a0<strong>Mittelpunkt aller Unternehmensprozesse<\/strong>.\u00a0Um diesen Qualit\u00e4tsanspruch sicherzustellen, sind alle Mitarbeiter in den technischen und nicht technischen Bereichen f\u00fcr die Realisierung der Unternehmensqualit\u00e4t verantwortlich. Nur so ist es m\u00f6glich, den Standard \u00a0<strong>\u201cMade in Germany\u201d\u00a0<\/strong>ganzheitlich und allumfassend sicherzustellen. Um diesen hohen Anspruch auch kontinuierlich weiter zu entwickeln, unterzieht sich das Unternehmen regelm\u00e4\u00dfigen\u00a0<strong>Zertifizierungs- und Kundenaudits<\/strong>. Die Erkenntnisse aus diesen Audits m\u00fcnden in zus\u00e4tzlichen Optimierungsprozessen.Erg\u00e4nzend dazu hat die Kr\u00fcger &amp; Gothe GmbH den Prozess der kontinuierlichen Verbesserung fest in seiner Firmenkultur etabliert.<\/p>\n<p>Das Qualit\u00e4tsmanagementsystem des Unternehmens ist nach den aufgef\u00fchrten Normen erfolgreich zertifiziert. Die Zertifizierungen werden in regelm\u00e4\u00dfigen Abst\u00e4nden aktualisiert.<\/p>\n<ul>\n<li><span style=\"color: #3366ff;\"><a href=\"https:\/\/www.kug-ems.de\/wp-content\/uploads\/2025\/09\/iso_9001_2015.pdf\" target=\"_blank\" rel=\"noopener\" style=\"color: #3366ff;\">DIN ISO 9001:2015<\/a><\/span><\/li>\n<li><span style=\"color: #3366ff;\"><a href=\"https:\/\/www.kug-ems.de\/wp-content\/uploads\/2025\/09\/iatf_16949_2016.pdf\" target=\"_blank\" rel=\"noopener\" style=\"color: #3366ff;\">IATF 16949:2016<\/a><\/span><\/li>\n<li><span style=\"color: #3366ff;\"><a href=\"https:\/\/www.kug-ems.de\/wp-content\/uploads\/2025\/09\/Zertifikat-ISO-14001_2015_dt_eng.pdf\" target=\"_blank\" rel=\"noopener\" style=\"color: #3366ff;\">DIN ISO 14001:2015<\/a><\/span><\/li>\n<li><span style=\"color: #3366ff;\"><a href=\"https:\/\/www.kug-ems.de\/wp-content\/uploads\/2025\/09\/certificate_26779_en_full_KruegerGothe.pdf\" target=\"_blank\" rel=\"noopener\" style=\"color: #3366ff;\">IRIS CERTIFICATION<\/a><\/span><\/li>\n<\/ul>\n<p>Ein weiterer Bestandteil der\u00a0<strong>Produktionsqualit\u00e4t<\/strong>\u00a0wird \u00fcber die umfassenden\u00a0<strong>Normvorgaben der IPC<\/strong>\u00a0geregelt. Die Mitarbeiter der Kr\u00fcger &amp; Gothe GmbH werden darin regelm\u00e4\u00dfig geschult und unterziehen sich neutralen Pr\u00fcfungen (CIS). Hierbei arbeitet das Unternehmen eng mit dem\u00a0<strong>FED (Fachverband Elektronik-Design e.V.)<\/strong>\u00a0und weiteren qualifizierten Unternehmen zusammen.<\/p>\n<p>[\/et_pb_text][\/et_pb_column][\/et_pb_row][\/et_pb_section]<\/p>\n","protected":false},"excerpt":{"rendered":"<p>ZERTIFIKATEAls\u00a0Elektronikdienstleister (EMS) nehmen alle Mitarbeiter der Kr\u00fcger &amp; Gothe GmbH die\u00a0Qualit\u00e4tsverantwortung\u00a0f\u00fcr die Kunden sehr ernst. Daher steht die Qualit\u00e4t\u00a0im\u00a0Mittelpunkt aller Unternehmensprozesse.\u00a0Um diesen Qualit\u00e4tsanspruch sicherzustellen, sind alle Mitarbeiter in den technischen und nicht technischen Bereichen f\u00fcr die Realisierung der Unternehmensqualit\u00e4t verantwortlich. Nur so ist es m\u00f6glich, den Standard \u00a0\u201cMade in Germany\u201d\u00a0ganzheitlich und allumfassend sicherzustellen. Um diesen [&hellip;]<\/p>\n","protected":false},"author":1,"featured_media":0,"parent":0,"menu_order":0,"comment_status":"closed","ping_status":"closed","template":"","meta":{"_et_pb_use_builder":"on","_et_pb_old_content":"","_et_gb_content_width":"","inline_featured_image":false,"wp_typography_post_enhancements_disabled":false,"footnotes":""},"class_list":["post-25","page","type-page","status-publish","hentry"],"_links":{"self":[{"href":"https:\/\/www.kug-ems.de\/en\/wp-json\/wp\/v2\/pages\/25","targetHints":{"allow":["GET"]}}],"collection":[{"href":"https:\/\/www.kug-ems.de\/en\/wp-json\/wp\/v2\/pages"}],"about":[{"href":"https:\/\/www.kug-ems.de\/en\/wp-json\/wp\/v2\/types\/page"}],"author":[{"embeddable":true,"href":"https:\/\/www.kug-ems.de\/en\/wp-json\/wp\/v2\/users\/1"}],"replies":[{"embeddable":true,"href":"https:\/\/www.kug-ems.de\/en\/wp-json\/wp\/v2\/comments?post=25"}],"version-history":[{"count":55,"href":"https:\/\/www.kug-ems.de\/en\/wp-json\/wp\/v2\/pages\/25\/revisions"}],"predecessor-version":[{"id":2777,"href":"https:\/\/www.kug-ems.de\/en\/wp-json\/wp\/v2\/pages\/25\/revisions\/2777"}],"wp:attachment":[{"href":"https:\/\/www.kug-ems.de\/en\/wp-json\/wp\/v2\/media?parent=25"}],"curies":[{"name":"wp","href":"https:\/\/api.w.org\/{rel}","templated":true}]}}