{"id":2057,"date":"2025-10-01T11:45:09","date_gmt":"2025-10-01T11:45:09","guid":{"rendered":"https:\/\/www.kug-ems.de\/?page_id=2057"},"modified":"2025-10-01T11:45:09","modified_gmt":"2025-10-01T11:45:09","slug":"aeb","status":"publish","type":"page","link":"https:\/\/www.kug-ems.de\/zh\/aeb\/","title":{"rendered":"AEB"},"content":{"rendered":"<p>[et_pb_section fb_built=&#8220;1&#8243; prev_background_color=&#8220;#ffffff&#8220; _builder_version=&#8220;4.27.4&#8243; _module_preset=&#8220;default&#8220; background_enable_color=&#8220;off&#8220; use_background_color_gradient=&#8220;on&#8220; background_color_gradient_direction=&#8220;201deg&#8220; background_color_gradient_stops=&#8220;#666666 3%|rgba(255,255,255,0) 88%&#8220; background_color_gradient_overlays_image=&#8220;on&#8220; background_image=&#8220;https:\/\/www.kug-ems.de\/wp-content\/uploads\/2025\/10\/KuG-AEB-Lager-2714998_1920.jpg&#8220; parallax=&#8220;on&#8220; background_enable_video_mp4=&#8220;off&#8220; height=&#8220;50vh&#8220; height_tablet=&#8220;70vh&#8220; height_phone=&#8220;45vh&#8220; height_last_edited=&#8220;on|phone&#8220; custom_padding=&#8220;0px||0px||true|false&#8220; top_divider_style=&#8220;wave2&#8243; bottom_divider_style=&#8220;wave2&#8243; bottom_divider_color=&#8220;#FFFFFF&#8220; hover_enabled=&#8220;0&#8243; locked=&#8220;off&#8220; global_colors_info=&#8220;{}&#8220; theme_builder_area=&#8220;post_content&#8220; title_text=&#8220;KuG AEB Lager-2714998_1920&#8243; sticky_enabled=&#8220;0&#8243;][et_pb_row _builder_version=&#8220;4.27.4&#8243; _module_preset=&#8220;default&#8220; background_enable_video_mp4=&#8220;off&#8220; width=&#8220;100%&#8220; max_width=&#8220;2560px&#8220; height=&#8220;45vw&#8220; custom_padding=&#8220;0px||0px||true|false&#8220; global_colors_info=&#8220;{}&#8220; theme_builder_area=&#8220;post_content&#8220;][et_pb_column type=&#8220;4_4&#8243; _builder_version=&#8220;4.27.0&#8243; _module_preset=&#8220;default&#8220; global_colors_info=&#8220;{}&#8220; theme_builder_area=&#8220;post_content&#8220;][et_pb_text _builder_version=&#8220;4.27.4&#8243; _module_preset=&#8220;default&#8220; text_font_size=&#8220;16px&#8220; header_2_font=&#8220;&#8211;et_global_heading_font|&#8211;et_global_heading_font_weight|||||||&#8220; header_2_text_color=&#8220;rgba(255,255,255,0.73)&#8220; header_2_font_size=&#8220;3vw&#8220; header_2_line_height=&#8220;1.1em&#8220; background_enable_color=&#8220;off&#8220; custom_margin=&#8220;0px||||false|false&#8220; custom_padding=&#8220;30vh|||10vh|false|false&#8220; custom_padding_tablet=&#8220;26vh|||10vh|false|false&#8220; custom_padding_phone=&#8220;10vh|||9vw|false|false&#8220; custom_padding_last_edited=&#8220;on|phone&#8220; animation_style=&#8220;slide&#8220; animation_direction=&#8220;left&#8220; animation_duration=&#8220;2000ms&#8220; animation_speed_curve=&#8220;ease-out&#8220; hover_enabled=&#8220;0&#8243; header_2_font_size_tablet=&#8220;36px&#8220; header_2_font_size_phone=&#8220;24px&#8220; header_2_font_size_last_edited=&#8220;on|phone&#8220; global_colors_info=&#8220;{}&#8220; theme_builder_area=&#8220;post_content&#8220; sticky_enabled=&#8220;0&#8243;]<\/p>\n<h2>AEB<\/h2>\n<p>[\/et_pb_text][\/et_pb_column][\/et_pb_row][\/et_pb_section][et_pb_section fb_built=&#8220;1&#8243; _builder_version=&#8220;4.27.4&#8243; _module_preset=&#8220;default&#8220; background_enable_color=&#8220;off&#8220; custom_padding=&#8220;||80px||false|false&#8220; locked=&#8220;off&#8220; global_colors_info=&#8220;{}&#8220; theme_builder_area=&#8220;post_content&#8220;][et_pb_row _builder_version=&#8220;4.27.0&#8243; _module_preset=&#8220;default&#8220; background_color=&#8220;RGBA(255,255,255,0)&#8220; global_colors_info=&#8220;{}&#8220; theme_builder_area=&#8220;post_content&#8220;][et_pb_column type=&#8220;4_4&#8243; _builder_version=&#8220;4.27.0&#8243; _module_preset=&#8220;default&#8220; global_colors_info=&#8220;{}&#8220; theme_builder_area=&#8220;post_content&#8220;][et_pb_text _builder_version=&#8220;4.27.4&#8243; _module_preset=&#8220;default&#8220; text_text_color=&#8220;#1A1A1A&#8220; text_font_size=&#8220;15px&#8220; link_text_color=&#8220;#C40404&#8243; hover_enabled=&#8220;0&#8243; global_colors_info=&#8220;{}&#8220; theme_builder_area=&#8220;post_content&#8220; sticky_enabled=&#8220;0&#8243;]<\/p>\n<section class=\"elementor-section elementor-top-section elementor-element elementor-element-1a9ad05 elementor-section-boxed elementor-section-height-default elementor-section-height-default\" data-id=\"1a9ad05\" data-element_type=\"section\">\n<div class=\"elementor-container elementor-column-gap-default\">\n<div class=\"elementor-column elementor-col-100 elementor-top-column elementor-element elementor-element-87b0796\" data-id=\"87b0796\" data-element_type=\"column\">\n<div class=\"elementor-widget-wrap elementor-element-populated\">\n<div class=\"elementor-element elementor-element-8eedb84 elementor-widget elementor-widget-text-editor\" data-id=\"8eedb84\" data-element_type=\"widget\" data-widget_type=\"text-editor.default\">\n<div class=\"elementor-widget-container\">\n<h3>Allgemeine Einkaufsbestimmungen der Kr\u00fcger &amp; Gothe GmbH<\/h3>\n<\/div>\n<\/div>\n<\/div>\n<\/div>\n<\/div>\n<\/section>\n<section class=\"elementor-section elementor-top-section elementor-element elementor-element-273c15b elementor-section-boxed elementor-section-height-default elementor-section-height-default\" data-id=\"273c15b\" data-element_type=\"section\">\n<div class=\"elementor-container elementor-column-gap-default\">\n<div class=\"elementor-column elementor-col-100 elementor-top-column elementor-element elementor-element-e7a3899\" data-id=\"e7a3899\" data-element_type=\"column\">\n<div class=\"elementor-widget-wrap elementor-element-populated\">\n<div class=\"elementor-element elementor-element-1d699b0 elementor-widget elementor-widget-text-editor\" data-id=\"1d699b0\" data-element_type=\"widget\" data-widget_type=\"text-editor.default\">\n<div class=\"elementor-widget-container\">\n<p style=\"text-align: center;\"><strong>I. Allgemeine Bestimmungen<\/strong><\/p>\n<p class=\"p2\">Alle an KuG gerichteten Angebote, Lieferungen, Leistungen und daraus resultierende Vertragsabschl\u00fcsse liegen ausschlie\u00dflich diese Allgemeinen Einkaufsbedingungen (AEB) zugrunde. Die Vertragspartner (nachfolgend- Lieferanten) sind an diese AEB der KuG gebunden. Abweichende und\/oder erg\u00e4nzende Bedingungen der Lieferanten sind f\u00fcr KuG unverbindlich, es sei denn diesen wurde durch KuG schriftlich zugestimmt. Solche m\u00f6glichen einzelnen abweichenden Vereinbarungen haben jedoch keine Wirkung auf k\u00fcnftige Gesch\u00e4fte. Entgegenstehende Verkaufsbedingungen seitens der Lieferanten gelten auch dann nicht, wenn KuG diesen im Einzelfall nicht widerspricht. Mit der Annahme der Bestellungen durch KuG bzw. dem Abschluss von Liefervertr\u00e4gen erkennen die Lieferanten diese AEB der KuG als verbindlich an.<\/p>\n<p style=\"text-align: center;\"><strong>II. Auftragserteilung \/ Auftragsannahme<\/strong><\/p>\n<p class=\"p2\">Bestellungen der KuG haben zu ihrer Wirksamkeit schriftlich oder elektronisch (Fax oder E-Mail) zu erfolgen.S\u00e4mtliche Angebote der Lieferanten sollen den genauen Anfragen und Anforderungen der KuG entsprechen und sind kostenlos und unverbindlich. Falls eine Bestellung der KuG unvollst\u00e4ndig oder fehlerhaft ist, hat der Lieferant die KuG unverz\u00fcglich nach Feststellung dar\u00fcber zu informieren. Abweichungen der Bestellung der KuG sind durch die Lieferanten mit der Annahme der Bestellung deutlich zu kennzeichnen und gelten im Zweifel als neues Angebot des Lieferanten an KuG, wobei ein Liefervertrag dann erst mit der schriftlichen Best\u00e4tigung durch KuG auf dieses Angebot des Lieferanten zustande kommt. KuG ist berechtigt Bestellungen kostenfrei schriftlich zu widerrufen, wenn die Lieferanten diese nicht innerhalb von 5 Werktagen schriftlich best\u00e4tigen. Lieferabrufe werden verbindlich, wenn der Lieferant nicht unverz\u00fcglich widerspricht.<\/p>\n<p style=\"text-align: center;\"><strong>III. Preise \/ Bezahlung<\/strong><\/p>\n<p class=\"p2\">Die in den Bestellungen der KuG ausgewiesenen Preise sind bindend. Zusatzkosten oder nachtr\u00e4glich anfallende Kosten und erh\u00f6hte Preise werden nur wirksam, wenn KuG diesen ausdr\u00fccklich schriftlich zustimmt. Die Lieferanten sind verpflichtet die Bestellnummer, die Artikelnummer der KuG und die Bezeichnung des Artikels in den Lieferungen anzugeben, wobei die Zahlungen der KuG per \u00dcberweisung und nach vollst\u00e4ndiger Lieferung und Rechnungseingang innerhalb der vereinbarten Zahlungsziele, sp\u00e4testens jedoch nach 60 Tagen, erfolgen. Im gesetzlichen Umfang stehen der KuG Aufrechnungs- und Zur\u00fcckbehaltungsrechte gegen Zahlungsanspr\u00fcche der Lieferanten zu.<\/p>\n<p style=\"text-align: center;\"><strong>IV. Lieferung \/ Lieferfrist \/ Verzug<\/strong><\/p>\n<p class=\"p2\">Die in der Bestellung vereinbarten Fristen f\u00fcr die Lieferungen sind verbindlich. Bei Verz\u00f6gerungen hat der Lieferant die KuG unverz\u00fcglich zu benachrichtigen. Gelangt der Lieferant mit vereinbarten Lieferterminen in Verzug, stehen der KuG die gesetzlichen Gew\u00e4hrleistungsrechte zu, die neben dem Recht auf Vertragsk\u00fcndigung und Schadenersatz auch die M\u00f6glichkeit der Ersatzvornahme zu Lasten des Lieferanten vorsehen. Kommt der Lieferant mit der Lieferung ganz oder teilweise in Verzug, so berechtigt dies KuG dazu eine Vertragsstrafe in H\u00f6he von 0,2 % des Lieferwertes pro Werktag des Verzuges, h\u00f6chstens jedoch 5%, als Vertragsstrafe zu fordern. Diese Rechte der KuG bestehen unabh\u00e4ngig vom Verschulden des Lieferanten.<\/p>\n<p style=\"text-align: center;\"><strong>V. Versand \/ Gefahru\u0308bergang<\/strong><\/p>\n<p class=\"p2\">Vorbehaltlich individuell zwischen KuG und dem Lieferanten geschlossener abweichender Regelungen, beh\u00e4lt sich KuG die Bestimmung der Versand- sowie Verpackungsart als auch die Wahl des Transportmittels der Lieferung vor, wobei der Lieferant die Versand- und Verpackungskosten zu tragen hat und auch die kostenfreie Version Juni 2020, AEB Seite 2 von 3 R\u00fccknahme und Verwertung der Transportverpackung sicherstellen muss. Bis zur Annahme der Lieferung durch die KuG am Bestimmungsort tr\u00e4gt der Lieferant die Gefahr des zuf\u00e4lligen Untergangs.<\/p>\n<p style=\"text-align: center;\"><strong>VI. Eigentumsvorbehalt<\/strong><\/p>\n<p class=\"p1\">Der Lieferant kann grunds\u00e4tzlich nur einen einfachen Eigentumsvorbehalt geltend machen, es sei denn, KuG hat schriftlich weitergehende Rechte zu Gunsten des Lieferanten akzeptiert. Zu Gunsten von KuG gilt an f\u00fcr den Lieferanten beigestelltem Material der verl\u00e4ngerte Eigentumsvorbehalt, d.h. auch bei Verarbeitung oder Vermischung der beigestellten Vorbehaltsware mit anderen, nicht der KuG geh\u00f6renden Gegenst\u00e4nden, erlangt KuG unverz\u00fcglich das Miteigentum an der neu hergestellten Sache im Verh\u00e4ltnis des Wertes der beigestellten Vorbehaltsware mit den verarbeiteten und\/oder vermischten Gegenst\u00e4nden zum Zeitpunkt der Verarbeitung\/ Vermischung.<\/p>\n<p style=\"text-align: center;\"><strong>VII. Sanktionen und Handelsbeschr\u00e4nkungen<\/strong><\/p>\n<p class=\"p1\">Der Lieferant best\u00e4tigt, dass alle im Rahmen dieses Vertrags gelieferten oder bereitgestellten Waren, Dienstleistungen oder Technologien den geltenden EU-Sanktionen und -Verordnungen bez\u00fcglich Russland, insbesondere der Verordnung (EU) Nr. 833\/2014, entsprechen. Der Lieferant versichert, dass keine Produkte, Technologien oder Dienstleistungen bereitgestellt werden, die gegen die Verbote dieser Verordnung versto\u00dfen, insbesondere:<\/p>\n<ul>\n<li class=\"p2\">R\u00fcstungsg\u00fcter sowie dual-use G\u00fcter, die milit\u00e4risch oder zivil genutzt werden k\u00f6nnten, sofern solche nicht aus Russland stammen,<\/li>\n<li class=\"p2\">spezielle energiebezogene G\u00fcter zur Nutzung in der russischen Energieindustrie, sofern diese nicht aus Russland stammen,<\/li>\n<li class=\"p2\">Dienstleistungen, die Wirtschaftspr\u00fcfung, Steuerberatung oder Unternehmensberatung betreffen, die der Unterst\u00fctzung russischer Unternehmen dienen k\u00f6nnten,<\/li>\n<li class=\"p1\">Investitionen oder Finanzierungen, die direkt oder indirekt der russischen Wirtschaft zugutekommen k\u00f6nnten, wie in Artikel 3g der Verordnung festgelegt.<\/li>\n<\/ul>\n<p class=\"p1\">Der Lieferant verpflichtet sich, alle erforderlichen Genehmigungen und Lizenzen zu dokumentieren und aufrechtzuerhalten. Sollte eine Lieferung oder Leistung von den EU-Sanktionen betroffen sein, wird der Lieferant den K\u00e4ufer unverz\u00fcglich dar\u00fcber informieren. Die Vertragsbeziehung bleibt davon unber\u00fchrt, allf\u00e4llige Schadensersatzanspr\u00fcche bleiben jedoch vorbehalten.<\/p>\n<p style=\"text-align: center;\"><strong>VIII. K\u00fcndigungsrecht<\/strong><\/p>\n<p class=\"p1\">Sollte der Lieferant gegen die oben genannten Regelungen versto\u00dfen, beh\u00e4lt sich der K\u00e4ufer das Recht vor, den Vertrag fristlos zu k\u00fcndigen und Schadensersatzanspr\u00fcche geltend zu machen.<\/p>\n<p style=\"text-align: center;\"><strong>IX. Geheimhaltung<\/strong><\/p>\n<p class=\"p1\">Der Lieferant ist zur umfassenden und strikten Geheimhaltung verpflichtet. Nur nach vorheriger schriftlicher Best\u00e4tigung durch KuG darf der Lieferant an Dritte Unterlagen oder sonstige Informationen (insbesondere Abbildungen, Zeichnungen, Interna zu KuG, etc.) weitergeben. Die Pflicht zur Geheimhaltung besteht zudem auch nach dem Ende der Vertragsbeziehung mit dem Lieferanten fort. Der Lieferant ist verpflichtet, bei m\u00f6glichen von ihm hinzugezogenen Unterlieferanten in gleicher Weise die zu Gunsten von KuG geltende Geheimhaltung durchzusetzen. Fertigungsmittel, Muster sowie vertrauliche Angaben jeglicher Art, die KuG dem Lieferanten zur Verf\u00fcgung stellt d\u00fcrfen nur mit vorheriger schriftlicher Erlaubnis von KuG an Dritte weitergegeben werden.<\/p>\n<p style=\"text-align: center;\"><b>X. M\u00e4ngelhaftung<\/b><\/p>\n<p class=\"p1\">Die Abnahme der Ware erfolgt unter Vorbehalt der Untersuchung auf Vollst\u00e4ndigkeit, Richtigkeit und Einhaltung der zugesicherten Eigenschaften und der Mangelfreiheit. M\u00e4ngel, unabh\u00e4ngig vom Zeitpunkt des Erkennens, werden von der KuG zeitnah nach Entdeckung reklamiert, wobei der Lieferant seinerseits auf den Einwand der versp\u00e4teten M\u00e4ngelr\u00fcge verzichtet. Der Lieferant haftet dabei nach den gesetzlichen Vorschriften. KuG besitzt dann das Wahlrecht zwischen unverz\u00fcglicher Nachbesserung oder Nachlieferung der bem\u00e4ngelten Ware durch den Lieferanten oder dem R\u00fccktritt vom Vertrag und der Geltendmachung von Schadenersatzanspr\u00fcchen. Aus Zahlungen der KuG an die Lieferanten ist dabei unter keinen Umst\u00e4nden die Akzeptanz oder das Anerkenntnis von M\u00e4ngeln zu schlie\u00dfen. Bei der Geltendmachung von Sach- und Rechtsm\u00e4ngelanspr\u00fcchen durch Dritte in Bezug auf die Lieferungen des Lieferanten, hat dieser KuG vollumf\u00e4nglich von solchen Anspr\u00fcchen freizustellen. Bei verborgenden M\u00e4ngeln ist der Lieferant zum Ersatz der nutzlos get\u00e4tigten Aufwendungen bzw. Materialkosten verpflichtet. Die Kosten und Gefahr der R\u00fccksendung sind vom Lieferanten zu tragen. Dar\u00fcberhinausgehende schuldhaftende Pflichtverletzungen seitens des Lieferanten berechtigen KuG dazu, daraus entstehende Mangelfolgesch\u00e4den (also Sch\u00e4den, die KuG durch die mangelhafte Lieferung an anderen Rechtsg\u00fctern erleidet) geltend zu machen. Der Lieferant verpflichtet sich, w\u00e4hrend der gesamten Dauer der Vertragsbeziehung eine Produkt Haftpflicht-versicherung mit einer Deckungssumme von mindestens 3.000.000,00 EUR pro Personenschaden\/ Sachschaden \u2013pauschal \u2013 zu unterhalten.<\/p>\n<p style=\"text-align: center;\"><strong>XI. Schutzrechte<\/strong><\/p>\n<p class=\"p2\">Der Lieferant haftet f\u00fcr Anspr\u00fcche, die bei Verwendung der gelieferten Ware aus der Verletzung von Schutzrechten und Schutzrechtsanmeldungen stammen, wobei das Schutzrecht entweder im Heimatland des Lieferanten oder vom Europ\u00e4ischen Patentamt, Gro\u00dfbritannien oder den USA ver\u00f6ffentlicht ist. Dar\u00fcber hinaus wird KuG und die Endkunden von KuG von s\u00e4mtlichen Anspr\u00fcchen, die aus dieser Verwendung solcher Schutzrechte stammen, frei.<\/p>\n<p style=\"text-align: center;\"><strong>XII. H\u00f6here Gewalt<\/strong><\/p>\n<p class=\"p2\">H\u00f6here Gewalt, Arbeitsk\u00e4mpfe oder Unruhen, beh\u00f6rdliche Ma\u00dfnahmen sowie sonstige unvorhersehbare und nicht steuerbare schwerwiegende Ereignisse befreit KuG f\u00fcr die Dauer des st\u00f6renden Ereignisses in vollem Umfang von der Leistungspflicht, wobei dies auch dann gilt, wenn sich KuG bereits im Verzug befindet. KuG ist in einem solchen Fall verpflichtet, den Lieferanten \u00fcber das st\u00f6rende Ereignis zu informieren.<\/p>\n<p style=\"text-align: center;\"><strong>XIII. Schlussbestimmungen<\/strong><\/p>\n<p class=\"p2\">F\u00fcr s\u00e4mtliche Streitigkeiten im Zusammenhang mit der Lieferung von Waren durch Lieferanten gilt der Sitz der KuG als der zust\u00e4ndige Gerichtsstand. KuG ist jedoch unabh\u00e4ngig davon berechtigt, ihre Anspr\u00fcche auch am Sitz des Lieferanten geltend zu machen. Sofern nichts Anderes schriftlich vereinbart wurde, ist der Gesch\u00e4ftssitz der KuG auch der Erf\u00fcllungsort. Bei rechtlicher Unwirksamkeit einzelner Bestimmungen dieser AEB wird die G\u00fcltigkeit der \u00fcbrigen Teile der AEB nicht ber\u00fchrt. Eine solche m\u00f6gliche unwirksame Regelung ist ebenso wie eine m\u00f6gliche Regelungsl\u00fccke innerhalb der AEB der KuG durch eine solche Regelung zu ersetzen, die dem gewollten wirtschaftlichen Zweck der KuG am n\u00e4chsten kommt. F\u00fcr alle Handelsklauseln gelten die DDP. Zu Beginn jeder Zusammenarbeit mit einem Lieferanten wird KuG diesem ihre AEB einmal in schriftlicher Form \u00fcbergeben, die ansonsten auf der Website der KuG (www.kug-ems.de) jederzeit eingesehen werden k\u00f6nnen.<\/p>\n<p class=\"p2\">Stand: 08.11.2024<\/p>\n<div>\u00a0<\/div>\n<div><strong><a href=\"https:\/\/www.kug-ems.de\/wp-content\/uploads\/2025\/10\/20241025_Allgemeine-Einkaufsbestimmungen-der-Krueger-und-Gothe-GmbH.pdf\" target=\"_blank\" rel=\"noopener\">Download PDF<\/a><\/strong><\/div>\n<div><a href=\"https:\/\/www.kug-ems.de\/wp-content\/uploads\/2025\/10\/20241025_Allgemeine-Einkaufsbestimmungen-der-Krueger-und-Gothe-GmbH_english.pdf\" title=\"Download PDF english\"><strong>Download PDF englisch\u00a0<\/strong><\/a><\/div>\n<\/div>\n<\/div>\n<\/div>\n<\/div>\n<\/div>\n<\/section>\n<p>[\/et_pb_text][et_pb_divider color=&#8220;#E09900&#8243; divider_weight=&#8220;2px&#8220; _builder_version=&#8220;4.27.4&#8243; _module_preset=&#8220;default&#8220; global_colors_info=&#8220;{}&#8220; theme_builder_area=&#8220;post_content&#8220;][\/et_pb_divider][\/et_pb_column][\/et_pb_row][\/et_pb_section]<\/p>\n","protected":false},"excerpt":{"rendered":"<p>AEB Allgemeine Einkaufsbestimmungen der Kr\u00fcger &amp; Gothe GmbH I. Allgemeine Bestimmungen Alle an KuG gerichteten Angebote, Lieferungen, Leistungen und daraus resultierende Vertragsabschl\u00fcsse liegen ausschlie\u00dflich diese Allgemeinen Einkaufsbedingungen (AEB) zugrunde. Die Vertragspartner (nachfolgend- Lieferanten) sind an diese AEB der KuG gebunden. Abweichende und\/oder erg\u00e4nzende Bedingungen der Lieferanten sind f\u00fcr KuG unverbindlich, es sei denn diesen wurde [&hellip;]<\/p>\n","protected":false},"author":1,"featured_media":0,"parent":0,"menu_order":0,"comment_status":"closed","ping_status":"closed","template":"","meta":{"_et_pb_use_builder":"on","_et_pb_old_content":"","_et_gb_content_width":"","inline_featured_image":false,"wp_typography_post_enhancements_disabled":false,"footnotes":""},"class_list":["post-2057","page","type-page","status-publish","hentry"],"_links":{"self":[{"href":"https:\/\/www.kug-ems.de\/zh\/wp-json\/wp\/v2\/pages\/2057","targetHints":{"allow":["GET"]}}],"collection":[{"href":"https:\/\/www.kug-ems.de\/zh\/wp-json\/wp\/v2\/pages"}],"about":[{"href":"https:\/\/www.kug-ems.de\/zh\/wp-json\/wp\/v2\/types\/page"}],"author":[{"embeddable":true,"href":"https:\/\/www.kug-ems.de\/zh\/wp-json\/wp\/v2\/users\/1"}],"replies":[{"embeddable":true,"href":"https:\/\/www.kug-ems.de\/zh\/wp-json\/wp\/v2\/comments?post=2057"}],"version-history":[{"count":2,"href":"https:\/\/www.kug-ems.de\/zh\/wp-json\/wp\/v2\/pages\/2057\/revisions"}],"predecessor-version":[{"id":2063,"href":"https:\/\/www.kug-ems.de\/zh\/wp-json\/wp\/v2\/pages\/2057\/revisions\/2063"}],"wp:attachment":[{"href":"https:\/\/www.kug-ems.de\/zh\/wp-json\/wp\/v2\/media?parent=2057"}],"curies":[{"name":"wp","href":"https:\/\/api.w.org\/{rel}","templated":true}]}}