{"id":2171,"date":"2025-10-02T08:09:58","date_gmt":"2025-10-02T08:09:58","guid":{"rendered":"https:\/\/www.kug-ems.de\/?page_id=2171"},"modified":"2025-11-25T10:25:02","modified_gmt":"2025-11-25T10:25:02","slug":"startseite","status":"publish","type":"page","link":"https:\/\/www.kug-ems.de\/zh\/","title":{"rendered":"\u5f00\u59cb"},"content":{"rendered":"<p>[et_pb_section fb_built=&#8220;1&#8243; prev_background_color=&#8220;RGBA(255,255,255,0)&#8220; _builder_version=&#8220;4.27.4&#8243; _module_preset=&#8220;default&#8220; background_enable_color=&#8220;off&#8220; background_video_mp4=&#8220;https:\/\/www.kug-ems.de\/wp-content\/uploads\/2025\/10\/KuG-Intro-neu.mp4&#8243; height=&#8220;55vh&#8220; height_tablet=&#8220;70vh&#8220; height_phone=&#8220;45vh&#8220; height_last_edited=&#8220;on|phone&#8220; custom_padding=&#8220;0px||0px||true|false&#8220; top_divider_style=&#8220;wave2&#8243; bottom_divider_style=&#8220;wave2&#8243; bottom_divider_color=&#8220;#E09900&#8243; bottom_divider_arrangement=&#8220;above_content&#8220; animation_style=&#8220;slide&#8220; animation_direction=&#8220;bottom&#8220; animation_duration=&#8220;1600ms&#8220; animation_intensity_slide=&#8220;100%&#8220; animation_speed_curve=&#8220;ease-out&#8220; locked=&#8220;off&#8220; global_colors_info=&#8220;{}&#8220;][et_pb_row column_structure=&#8220;1_2,1_2&#8243; use_custom_gutter=&#8220;on&#8220; gutter_width=&#8220;1&#8243; make_equal=&#8220;on&#8220; _builder_version=&#8220;4.27.4&#8243; _module_preset=&#8220;default&#8220; max_width=&#8220;100%&#8220; module_alignment=&#8220;center&#8220; custom_margin=&#8220;||||false|false&#8220; custom_padding=&#8220;10vw||||false|false&#8220; global_colors_info=&#8220;{}&#8220;][et_pb_column type=&#8220;1_2&#8243; _builder_version=&#8220;4.27.4&#8243; _module_preset=&#8220;default&#8220; global_colors_info=&#8220;{}&#8220;][et_pb_text disabled_on=&#8220;on|on|off&#8220; _builder_version=&#8220;4.27.4&#8243; _module_preset=&#8220;default&#8220; header_font=&#8220;||||||||&#8220; header_text_color=&#8220;rgba(255,255,255,0.46)&#8220; header_font_size=&#8220;3vw&#8220; header_line_height=&#8220;1.4em&#8220; global_colors_info=&#8220;{}&#8220;]<\/p>\n<h1>Willkommen<br \/>bei KR\u00dcGER &amp; GOTHE<\/h1>\n<p>[\/et_pb_text][\/et_pb_column][et_pb_column type=&#8220;1_2&#8243; _builder_version=&#8220;4.27.4&#8243; _module_preset=&#8220;default&#8220; global_colors_info=&#8220;{}&#8220;][et_pb_image src=&#8220;https:\/\/www.kug-ems.de\/wp-content\/uploads\/2025\/10\/Teil-des-Teams.png&#8220; title_text=&#8220;Teil-des-Teams&#8220; url=&#8220;https:\/\/www.kug-ems.de\/fachkraefte-experten\/&#8220; disabled_on=&#8220;off|off|off&#8220; _builder_version=&#8220;4.27.4&#8243; _module_preset=&#8220;default&#8220; transform_scale=&#8220;57%|57%&#8220; custom_margin=&#8220;-4vw||||false|false&#8220; hover_enabled=&#8220;0&#8243; global_colors_info=&#8220;{}&#8220; sticky_enabled=&#8220;0&#8243;][\/et_pb_image][\/et_pb_column][\/et_pb_row][\/et_pb_section][et_pb_section fb_built=&#8220;1&#8243; _builder_version=&#8220;4.27.4&#8243; _module_preset=&#8220;default&#8220; background_color=&#8220;#ededed&#8220; use_background_color_gradient=&#8220;on&#8220; background_color_gradient_stops=&#8220;#e09900 0%|#ffe100 100%&#8220; custom_padding=&#8220;||||false|false&#8220; locked=&#8220;off&#8220; global_colors_info=&#8220;{}&#8220;][et_pb_row custom_padding_last_edited=&#8220;on|phone&#8220; _builder_version=&#8220;4.27.0&#8243; _module_preset=&#8220;default&#8220; background_color=&#8220;RGBA(255,255,255,0)&#8220; custom_padding_tablet=&#8220;&#8220; custom_padding_phone=&#8220;0px||||false|false&#8220; global_colors_info=&#8220;{}&#8220;][et_pb_column type=&#8220;4_4&#8243; _builder_version=&#8220;4.27.0&#8243; _module_preset=&#8220;default&#8220; global_colors_info=&#8220;{}&#8220;][et_pb_heading title=&#8220;FLEXIBEL | SCHNELL | SICHER&#8220; _builder_version=&#8220;4.27.4&#8243; _module_preset=&#8220;default&#8220; global_colors_info=&#8220;{}&#8220;][\/et_pb_heading][et_pb_text _builder_version=&#8220;4.27.4&#8243; _module_preset=&#8220;default&#8220; text_text_color=&#8220;#1A1A1A&#8220; text_font_size=&#8220;15px&#8220; link_text_color=&#8220;#C40404&#8243; global_colors_info=&#8220;{}&#8220;]<\/p>\n<p><strong>Kr\u00fcger &amp; Gothe \u2013 Ihr EMS-Partner f\u00fcr innovative Elektronik!<\/strong><br \/>Mit Sitz in Neugattersleben und Standorten in Sta\u00dffurt sowie einer Tochter in Kunshan, China, stehen wir f\u00fcr maximale Flexibilit\u00e4t und Agilit\u00e4t. Von der Produktentwicklung bis zur Validierung: Unsere Expertise sorgt f\u00fcr reibungslose Prozesse und schnelle Markteinf\u00fchrung. Mit modernster Technologie fertigen wir Klein-, Mittel- und Gro\u00dfserien sowie Einzelmuster, unterst\u00fctzt durch Top-Zertifizierungen (ISO 9001, ISO 14001, IATF, IRIS) und Normen wie IPC-A-610. <strong>Kr\u00fcger &amp; Gothe verbindet die Flexibilit\u00e4t eines Mittelstands mit h\u00f6chsten Qualit\u00e4tsstandards \u2013 f\u00fcr Ihren Erfolg!<\/strong><\/p>\n<p>&nbsp;<\/p>\n<p>[\/et_pb_text][\/et_pb_column][\/et_pb_row][\/et_pb_section][et_pb_section fb_built=&#8220;1&#8243; _builder_version=&#8220;4.27.4&#8243; _module_preset=&#8220;default&#8220; background_color=&#8220;#FFFFFF&#8220; background_image=&#8220;https:\/\/www.kug-ems.de\/wp-content\/uploads\/2025\/10\/KuG-Hintergrund-Paralaxe-scaled.webp&#8220; parallax=&#8220;on&#8220; background_enable_video_mp4=&#8220;off&#8220; background_video_width=&#8220;600px&#8220; allow_player_pause=&#8220;on&#8220; custom_padding=&#8220;||0px||false|false&#8220; locked=&#8220;off&#8220; global_colors_info=&#8220;{}&#8220;][et_pb_row custom_padding_last_edited=&#8220;on|phone&#8220; _builder_version=&#8220;4.27.0&#8243; _module_preset=&#8220;default&#8220; background_color=&#8220;RGBA(255,255,255,0)&#8220; custom_padding_tablet=&#8220;&#8220; custom_padding_phone=&#8220;0px||||false|false&#8220; global_colors_info=&#8220;{}&#8220;][et_pb_column type=&#8220;4_4&#8243; _builder_version=&#8220;4.27.0&#8243; _module_preset=&#8220;default&#8220; global_colors_info=&#8220;{}&#8220;][et_pb_heading title=&#8220;UNSERE STANDORTE&#8220; _builder_version=&#8220;4.27.4&#8243; _module_preset=&#8220;default&#8220; global_colors_info=&#8220;{}&#8220;][\/et_pb_heading][\/et_pb_column][\/et_pb_row][et_pb_row column_structure=&#8220;1_2,1_2&#8243; module_class=&#8220;kb-zoomin&#8220; _builder_version=&#8220;4.27.4&#8243; _module_preset=&#8220;default&#8220; custom_css_main_element=&#8220;overflow: hidden;&#8220; locked=&#8220;off&#8220; global_colors_info=&#8220;{}&#8220;][et_pb_column type=&#8220;1_2&#8243; _builder_version=&#8220;4.27.4&#8243; _module_preset=&#8220;default&#8220; global_colors_info=&#8220;{}&#8220;][et_pb_image src=&#8220;https:\/\/www.kug-ems.de\/wp-content\/uploads\/2025\/10\/Bildrahmen-flach.png&#8220; title_text=&#8220;Bildrahmen-flach&#8220; _builder_version=&#8220;4.27.4&#8243; _module_preset=&#8220;default&#8220; background_image=&#8220;https:\/\/www.kug-ems.de\/wp-content\/uploads\/2025\/10\/KuG-Firmengebaeude-klein2.webp&#8220; parallax=&#8220;on&#8220; parallax_method=&#8220;off&#8220; height=&#8220;260px&#8220; max_height=&#8220;260px&#8220; global_colors_info=&#8220;{}&#8220;][\/et_pb_image][et_pb_text _builder_version=&#8220;4.27.4&#8243; _module_preset=&#8220;default&#8220; global_colors_info=&#8220;{}&#8220;]<\/p>\n<p>Unser Produktionsstandort in Sta\u00dffurt, Deutschland<\/p>\n<p>[\/et_pb_text][\/et_pb_column][et_pb_column type=&#8220;1_2&#8243; _builder_version=&#8220;4.27.4&#8243; _module_preset=&#8220;default&#8220; global_colors_info=&#8220;{}&#8220;][et_pb_image src=&#8220;https:\/\/www.kug-ems.de\/wp-content\/uploads\/2025\/10\/Bildrahmen-flach.png&#8220; title_text=&#8220;kunshan_slider01&#8243; _builder_version=&#8220;4.27.4&#8243; _module_preset=&#8220;default&#8220; background_image=&#8220;https:\/\/www.kug-ems.de\/wp-content\/uploads\/2025\/09\/kunshan_slider01.webp&#8220; parallax=&#8220;on&#8220; parallax_method=&#8220;off&#8220; height=&#8220;260px&#8220; max_height=&#8220;260px&#8220; global_colors_info=&#8220;{}&#8220;][\/et_pb_image][et_pb_text _builder_version=&#8220;4.27.4&#8243; _module_preset=&#8220;default&#8220; global_colors_info=&#8220;{}&#8220;]<\/p>\n<p>Unser Produktionsstandort in Kunshan, China<\/p>\n<p>[\/et_pb_text][\/et_pb_column][\/et_pb_row][\/et_pb_section][et_pb_section fb_built=&#8220;1&#8243; _builder_version=&#8220;4.27.4&#8243; _module_preset=&#8220;default&#8220; background_color=&#8220;#f7b900&#8243; custom_padding=&#8220;||80px||false|false&#8220; box_shadow_style=&#8220;preset1&#8243; locked=&#8220;off&#8220; global_colors_info=&#8220;{}&#8220;][et_pb_row custom_padding_last_edited=&#8220;on|phone&#8220; _builder_version=&#8220;4.27.0&#8243; _module_preset=&#8220;default&#8220; background_color=&#8220;RGBA(255,255,255,0)&#8220; custom_padding_tablet=&#8220;&#8220; custom_padding_phone=&#8220;0px||||false|false&#8220; locked=&#8220;off&#8220; global_colors_info=&#8220;{}&#8220;][et_pb_column type=&#8220;4_4&#8243; _builder_version=&#8220;4.27.0&#8243; _module_preset=&#8220;default&#8220; global_colors_info=&#8220;{}&#8220;][et_pb_heading title=&#8220;DER UNTERSCHIED&#8220; _builder_version=&#8220;4.27.4&#8243; _module_preset=&#8220;default&#8220; global_colors_info=&#8220;{}&#8220;][\/et_pb_heading][et_pb_text _builder_version=&#8220;4.27.4&#8243; _module_preset=&#8220;default&#8220; text_text_color=&#8220;#1A1A1A&#8220; text_font_size=&#8220;15px&#8220; link_text_color=&#8220;#C40404&#8243; global_colors_info=&#8220;{}&#8220;]Die komplexen Anforderungen an die Kr\u00fcger &#038; Gothe GmbH als Elektronikdienstleister (EMS) nehmen kontinuierlich zu. Hierzu z\u00e4hlen u.a. neben einer stetig steigenden Produktionskomplexit\u00e4t zus\u00e4tzlich die Realisierung neuester Technologien, die Abbildung flexibler Logistiksysteme, die Durchf\u00fchrung von Produktvalidierungen, die Realisierung gemeinsamer Entwicklungsprojekte und vieles mehr. Die F\u00e4higkeit, sich diesen Herausforderungen immer wieder aufs Neue zu stellen, macht den Unterschied der Kr\u00fcger &#038; Gothe GmbH aus.<\/p>\n<p>Diese Ver\u00e4nderungsf\u00e4higkeit betrifft alle technischen und nicht technischen Bereiche des Unternehmens. Denn nur wenn alle Mitarbeiter fein aufeinander abgestimmt ihre Arbeit erledigen, gelingt es den Mehrwert und die Leistung zu liefern, die der Kunde erwartet.<\/p>\n<p>Die Kr\u00fcger &#038; Gothe GmbH hat hierzu die folgende Wertestruktur in ihrer Unternehmenskultur verankert.[\/et_pb_text][\/et_pb_column][\/et_pb_row][\/et_pb_section][et_pb_section fb_built=&#8220;1&#8243; _builder_version=&#8220;4.27.4&#8243; _module_preset=&#8220;default&#8220; background_enable_color=&#8220;off&#8220; custom_padding=&#8220;||||false|false&#8220; box_shadow_style=&#8220;preset6&#8243; locked=&#8220;off&#8220; global_colors_info=&#8220;{}&#8220;][et_pb_row column_structure=&#8220;1_2,1_2&#8243; custom_padding_last_edited=&#8220;on|phone&#8220; _builder_version=&#8220;4.27.4&#8243; _module_preset=&#8220;default&#8220; background_color=&#8220;RGBA(255,255,255,0)&#8220; custom_padding_tablet=&#8220;&#8220; custom_padding_phone=&#8220;||||false|false&#8220; locked=&#8220;off&#8220; global_colors_info=&#8220;{}&#8220;][et_pb_column type=&#8220;1_2&#8243; _builder_version=&#8220;4.27.0&#8243; _module_preset=&#8220;default&#8220; global_colors_info=&#8220;{}&#8220;][et_pb_heading title=&#8220; UNIVERSIT\u00c4TEN &#038; HOCHSCHULEN&#8220; _builder_version=&#8220;4.27.4&#8243; _module_preset=&#8220;default&#8220; global_colors_info=&#8220;{}&#8220;][\/et_pb_heading][et_pb_text _builder_version=&#8220;4.27.4&#8243; _module_preset=&#8220;default&#8220; text_text_color=&#8220;#1A1A1A&#8220; text_font_size=&#8220;15px&#8220; link_text_color=&#8220;#C40404&#8243; global_colors_info=&#8220;{}&#8220;]<\/p>\n<div class=\"elementor-column elementor-col-50 elementor-inner-column elementor-element elementor-element-999ed6c\" data-id=\"999ed6c\" data-element_type=\"column\">\n<div class=\"elementor-widget-wrap elementor-element-populated\">\n<div class=\"elementor-element elementor-element-9c161ed elementor-widget elementor-widget-text-editor\" data-id=\"9c161ed\" data-element_type=\"widget\" data-widget_type=\"text-editor.default\">\n<div class=\"elementor-widget-container\">\n<p>Das Unternehmen produziert an einem historischen Elektronikstandort in Sta\u00dffurt (Sachsen-Anhalt), in der N\u00e4he der Universit\u00e4tsst\u00e4dte Magdeburg und Halle. Es existiert eine enge Zusammenarbeit mit den dort ans\u00e4ssigen\u00a0<strong>Universit\u00e4ten und Fachhochschulen<\/strong>.<\/p>\n<p>Die enge Zusammenarbeit mit den Universit\u00e4ten und Fachhochschulen sichert der Kr\u00fcger &amp; Gothe GmbH talentierte Nachwuchskr\u00e4fte sowie wissenschaftliche Kooperationen in Forschungsprojekten.<\/p>\n<\/div>\n<\/div>\n<\/div>\n<\/div>\n<p>[\/et_pb_text][\/et_pb_column][et_pb_column type=&#8220;1_2&#8243; _builder_version=&#8220;4.27.0&#8243; _module_preset=&#8220;default&#8220; global_colors_info=&#8220;{}&#8220;][et_pb_slider show_content_on_mobile=&#8220;off&#8220; show_image_video_mobile=&#8220;on&#8220; _builder_version=&#8220;4.27.4&#8243; _module_preset=&#8220;default&#8220; height=&#8220;19vw&#8220; custom_margin=&#8220;||||false|false&#8220; custom_padding=&#8220;||||false|false&#8220; auto=&#8220;on&#8220; auto_speed=&#8220;5500&#8243; hover_transition_duration=&#8220;1300ms&#8220; hover_transition_speed_curve=&#8220;ease-in-out&#8220; global_colors_info=&#8220;{}&#8220;][et_pb_slide image=&#8220;https:\/\/www.kug-ems.de\/wp-content\/uploads\/2025\/09\/Logo_Hochschule_Magdeburg_Stendal.jpg&#8220; _builder_version=&#8220;4.27.4&#8243; _module_preset=&#8220;default&#8220; background_color=&#8220;RGBA(255,255,255,0)&#8220; background_enable_color=&#8220;on&#8220; global_colors_info=&#8220;{}&#8220; sticky_transition=&#8220;on&#8220;][\/et_pb_slide][et_pb_slide image=&#8220;https:\/\/www.kug-ems.de\/wp-content\/uploads\/2025\/09\/Logo_Otto_von_Guericke.png&#8220; _builder_version=&#8220;4.27.4&#8243; _module_preset=&#8220;default&#8220; background_color=&#8220;RGBA(255,255,255,0)&#8220; background_enable_color=&#8220;on&#8220; global_colors_info=&#8220;{}&#8220; sticky_transition=&#8220;on&#8220;][\/et_pb_slide][et_pb_slide image=&#8220;https:\/\/www.kug-ems.de\/wp-content\/uploads\/2025\/09\/COGD_Logo@1x-600&#215;160-1.png&#8220; _builder_version=&#8220;4.27.4&#8243; _module_preset=&#8220;default&#8220; background_color=&#8220;RGBA(255,255,255,0)&#8220; background_enable_color=&#8220;on&#8220; global_colors_info=&#8220;{}&#8220; sticky_transition=&#8220;on&#8220;][\/et_pb_slide][\/et_pb_slider][\/et_pb_column][\/et_pb_row][\/et_pb_section]<\/p>\n","protected":false},"excerpt":{"rendered":"<p>Willkommenbei KR\u00dcGER &amp; GOTHEKr\u00fcger &amp; Gothe \u2013 Ihr EMS-Partner f\u00fcr innovative Elektronik!Mit Sitz in Neugattersleben und Standorten in Sta\u00dffurt sowie einer Tochter in Kunshan, China, stehen wir f\u00fcr maximale Flexibilit\u00e4t und Agilit\u00e4t. Von der Produktentwicklung bis zur Validierung: Unsere Expertise sorgt f\u00fcr reibungslose Prozesse und schnelle Markteinf\u00fchrung. Mit modernster Technologie fertigen wir Klein-, Mittel- und [&hellip;]<\/p>\n","protected":false},"author":1,"featured_media":0,"parent":0,"menu_order":0,"comment_status":"closed","ping_status":"closed","template":"","meta":{"_et_pb_use_builder":"on","_et_pb_old_content":"","_et_gb_content_width":"","inline_featured_image":false,"wp_typography_post_enhancements_disabled":false,"footnotes":""},"class_list":["post-2171","page","type-page","status-publish","hentry"],"_links":{"self":[{"href":"https:\/\/www.kug-ems.de\/zh\/wp-json\/wp\/v2\/pages\/2171","targetHints":{"allow":["GET"]}}],"collection":[{"href":"https:\/\/www.kug-ems.de\/zh\/wp-json\/wp\/v2\/pages"}],"about":[{"href":"https:\/\/www.kug-ems.de\/zh\/wp-json\/wp\/v2\/types\/page"}],"author":[{"embeddable":true,"href":"https:\/\/www.kug-ems.de\/zh\/wp-json\/wp\/v2\/users\/1"}],"replies":[{"embeddable":true,"href":"https:\/\/www.kug-ems.de\/zh\/wp-json\/wp\/v2\/comments?post=2171"}],"version-history":[{"count":68,"href":"https:\/\/www.kug-ems.de\/zh\/wp-json\/wp\/v2\/pages\/2171\/revisions"}],"predecessor-version":[{"id":2698,"href":"https:\/\/www.kug-ems.de\/zh\/wp-json\/wp\/v2\/pages\/2171\/revisions\/2698"}],"wp:attachment":[{"href":"https:\/\/www.kug-ems.de\/zh\/wp-json\/wp\/v2\/media?parent=2171"}],"curies":[{"name":"wp","href":"https:\/\/api.w.org\/{rel}","templated":true}]}}